{"id":44303,"date":"2024-10-21T19:31:26","date_gmt":"2024-10-21T17:31:26","guid":{"rendered":"https:\/\/vibefarma.com\/us\/?post_type=product&#038;p=44303"},"modified":"2025-06-25T11:35:12","modified_gmt":"2025-06-25T09:35:12","slug":"aceite-oregano","status":"publish","type":"product","link":"https:\/\/vibefarma.com\/us\/tienda\/aceite-oregano\/","title":{"rendered":"Aceite Or\u00e9gano"},"content":{"rendered":"<h2><span style=\"font-size: 90%;\">&#x1f33f; <b>Aceite de or\u00e9gano<\/b>\u00a0de Sura Vitasan<\/span><\/h2>\n<p><strong>Complemento alimenticio<\/strong> a base de <strong>aceite de or\u00e9gano<\/strong> de cultivo salvaje, obtenido de la especie <strong><em>Origanum minutiflorum<\/em><\/strong>, con una de las concentraciones naturales m\u00e1s elevadas de <strong>carvacrol<\/strong> (91-95% en los aceites vol\u00e1tiles). &#x1f3d4;&#xfe0f; <strong>La planta crece a m\u00e1s de 1.500 m<\/strong> de altitud en la cordillera turca, y esta localizaci\u00f3n \u00fanica determina su alto contenido en <strong>carvacrol<\/strong>.\u00a0Recolectada a mano, su extracci\u00f3n <strong>libre de solventes<\/strong> garantiza un aceite de m\u00e1xima <strong>pureza y calidad<\/strong>. &#x1f525; El aceite de or\u00e9gano se obtiene mediante <strong>arrastre de vapor<\/strong> y se mezcla con <strong>aceite de oliva<\/strong> de cultivo org\u00e1nico, extra\u00eddo mediante <strong>primera presi\u00f3n en fr\u00edo<\/strong>.<\/p>\n\t<div id=\"gap-2089053641\" class=\"gap-element clearfix\" style=\"display:block; height:auto;\">\n\t\t\n<style>\n#gap-2089053641 {\n  padding-top: 30px;\n}\n<\/style>\n\t<\/div>\n\t\n<h3>&#x26a1; <strong><span style=\"font-size: 90%;\">Composici\u00f3n e ingredientes<\/span><\/strong><\/h3>\n<table>\n<thead>\n<tr>\n<th style=\"text-align: left;\">Composici\u00f3n<\/th>\n<th>Cantidad por 3 gotas<\/th>\n<\/tr>\n<\/thead>\n<tbody>\n<tr>\n<td>Aceite de or\u00e9gano (Origanum minutiflorum) (5,42 mg\/gota)<\/td>\n<td>0,015 ml<\/td>\n<\/tr>\n<tr>\n<td>(75-85% de carvacrol; 93% de carvacrol de los aceites vol\u00e1tiles) (4-4,6 mg\/gota de carvacrol)<\/td>\n<td><\/td>\n<\/tr>\n<tr>\n<td>Aceite de oliva (Olea europea)<\/td>\n<td>0,072 ml<\/td>\n<\/tr>\n<\/tbody>\n<\/table>\n\t<div id=\"gap-1130230148\" class=\"gap-element clearfix\" style=\"display:block; height:auto;\">\n\t\t\n<style>\n#gap-1130230148 {\n  padding-top: 30px;\n}\n<\/style>\n\t<\/div>\n\t\n<p>&#x2705; <strong>Dosis diaria recomendada: <\/strong><strong>3 Gotas<\/strong> en un poco de agua o zumo (30 ml). Mantener bajo la lengua unos minutos, hacer g\u00e1rgaras y luego tragar. Se puede repetir hasta <strong>8 veces al d\u00eda<\/strong>, espaciando las tomas, o seguir las recomendaciones de un profesional de la salud.<\/p>\n<p><strong>&#x1f469;&#x200d;&#x2695;&#xfe0f; Consultar con un profesional<\/strong> antes de tomar este producto: Durante el <strong>embarazo<\/strong> o <strong>lactancia, <\/strong>Si est\u00e1 en tratamiento con <strong>medicaci\u00f3n <\/strong>y si presenta <strong>condiciones m\u00e9dicas especiales<\/strong>.<\/p>\n<p>\n\t<div id=\"gap-816548990\" class=\"gap-element clearfix\" style=\"display:block; height:auto;\">\n\t\t\n<style>\n#gap-816548990 {\n  padding-top: 30px;\n}\n<\/style>\n\t<\/div>\n\t\n\n<h3><span style=\"font-size: 90%;\">&#x26a0;&#xfe0f; <strong>Advertencias<\/strong><\/span><\/h3>\n<p><strong>&#x1f6ab; No superar<\/strong> la dosis diaria expresamente recomendada.<br \/>&#x1f476; <strong>Mantener fuera del alcance<\/strong> de los ni\u00f1os m\u00e1s peque\u00f1os.<br \/>&#x1f957; <strong>Los complementos alimenticios<\/strong> no deben utilizarse como sustitutos de una dieta equilibrada y variada ni un modo de vida sano.<br \/>&#x2744;&#xfe0f; <strong>Almacene en un lugar fresco, seco y alejado de la luz solar directa.<\/strong><br \/>&#x1f512; <strong>No use este producto<\/strong> si el sello de seguridad est\u00e1 roto o falta.<\/p>\n","protected":false},"excerpt":{"rendered":"<p>&#x1f48a; <strong>Complemento alimenticio<\/strong> a base de <strong>aceite de or\u00e9gano<\/strong> de cultivo salvaje, obtenido de la especie <strong><em>Origanum minutiflorum<\/em><\/strong>, con una de las concentraciones naturales m\u00e1s elevadas de <strong>carvacrol<\/strong> (91-95% en los aceites vol\u00e1tiles).<\/p>\n","protected":false},"featured_media":44308,"template":"","meta":{"_daextinma_seo_power":"","_daextinma_enable_ail":""},"product_brand":[139],"product_cat":[130],"product_tag":[134],"class_list":{"0":"post-44303","1":"product","2":"type-product","3":"status-publish","4":"has-post-thumbnail","6":"product_brand-suravitasan","7":"product_cat-plantas-extractos","8":"product_tag-suravitasan","10":"first","11":"instock","12":"taxable","13":"shipping-taxable","14":"purchasable","15":"product-type-variable","16":"has-default-attributes"},"_links":{"self":[{"href":"https:\/\/vibefarma.com\/us\/wp-json\/wp\/v2\/product\/44303","targetHints":{"allow":["GET"]}}],"collection":[{"href":"https:\/\/vibefarma.com\/us\/wp-json\/wp\/v2\/product"}],"about":[{"href":"https:\/\/vibefarma.com\/us\/wp-json\/wp\/v2\/types\/product"}],"wp:featuredmedia":[{"embeddable":true,"href":"https:\/\/vibefarma.com\/us\/wp-json\/wp\/v2\/media\/44308"}],"wp:attachment":[{"href":"https:\/\/vibefarma.com\/us\/wp-json\/wp\/v2\/media?parent=44303"}],"wp:term":[{"taxonomy":"product_brand","embeddable":true,"href":"https:\/\/vibefarma.com\/us\/wp-json\/wp\/v2\/product_brand?post=44303"},{"taxonomy":"product_cat","embeddable":true,"href":"https:\/\/vibefarma.com\/us\/wp-json\/wp\/v2\/product_cat?post=44303"},{"taxonomy":"product_tag","embeddable":true,"href":"https:\/\/vibefarma.com\/us\/wp-json\/wp\/v2\/product_tag?post=44303"}],"curies":[{"name":"wp","href":"https:\/\/api.w.org\/{rel}","templated":true}]}}