{"id":46136,"date":"2025-01-06T22:43:40","date_gmt":"2025-01-06T21:43:40","guid":{"rendered":"https:\/\/vibefarma.com\/us\/?page_id=46136"},"modified":"2025-02-07T20:04:05","modified_gmt":"2025-02-07T19:04:05","slug":"ganancia-muscular","status":"publish","type":"page","link":"https:\/\/vibefarma.com\/us\/objetivo\/ganancia-muscular\/","title":{"rendered":"&#x1f4aa; M\u00fasculos | Gana fuerza"},"content":{"rendered":"\t<div id=\"gap-1452204820\" class=\"gap-element clearfix\" style=\"display:block; height:auto;\">\n\t\t\n<style>\n#gap-1452204820 {\n  padding-top: 30px;\n}\n<\/style>\n\t<\/div>\n\t\n\n\t<section class=\"section\" id=\"section_747448586\">\n\t\t<div class=\"section-bg fill\" >\n\t\t\t\t\t\t\t\t\t\n\t\t\t\n\n\t\t<\/div>\n\n\t\t\n\n\t\t<div class=\"section-content relative\">\n\t\t\t\n<div class=\"row align-center\"  id=\"row-1355996429\">\n\n\t<div id=\"col-1981999134\" class=\"col medium-9 small-12 large-8\"  >\n\t\t\t\t<div class=\"col-inner text-center\"  >\n\t\t\t\n\t\t\t\n\t<div id=\"text-2799316586\" class=\"text\">\n\t\t\n<h6><a href=\"\/\">Home<\/a> \u2022 OBJETIVO<\/h6>\n\t\t\n<style>\n#text-2799316586 {\n  font-size: 0.8rem;\n}\n<\/style>\n\t<\/div>\n\t\n\t<div id=\"text-1101161700\" class=\"text\">\n\t\t\n<h1>&#x1f4aa; M\u00fasculos | Gana fuerza<\/h1>\n\t\t\n<style>\n#text-1101161700 {\n  font-size: 1.5rem;\n}\n<\/style>\n\t<\/div>\n\t\n<p>Construye fuerza y resistencia &#x1f4aa;. Apoya el desarrollo y rendimiento de tu cuerpo para alcanzar tus metas &#x1f3cb;&#xfe0f;.<\/p>\n\t\t<\/div>\n\t\t\t\t\t<\/div>\n\n\t\n<\/div>\n\t\t<\/div>\n\n\t\t\n<style>\n#section_747448586 {\n  padding-top: 5px;\n  padding-bottom: 5px;\n  background-color: rgb(255,255,255);\n}\n<\/style>\n\t<\/section>\n\t\n<div class=\"is-divider divider clearfix\" style=\"margin-top:1.0px;margin-bottom:1.0px;max-width:100%;height:1px;background-color:rgb(237, 237, 237);\"><\/div>\n\t<div id=\"gap-742157430\" class=\"gap-element clearfix\" style=\"display:block; height:auto;\">\n\t\t\n<style>\n#gap-742157430 {\n  padding-top: 30px;\n}\n<\/style>\n\t<\/div>\n\t\n\n\t<section class=\"section\" id=\"section_847906145\">\n\t\t<div class=\"section-bg fill\" >\n\t\t\t\t\t\t\t\t\t\n\t\t\t\n\n\t\t<\/div>\n\n\t\t\n\n\t\t<div class=\"section-content relative\">\n\t\t\t\n<div class=\"row row-collapse\"  id=\"row-1876407427\">\n\n\t<div id=\"col-637084458\" class=\"col small-12 large-12\"  >\n\t\t\t\t<div class=\"col-inner\"  >\n\t\t\t\n\t\t\t\n\t\n  \n    <div class=\"row  equalize-box large-columns-5 medium-columns-3 small-columns-2 row-xsmall\" >\n  \n\t     <div class=\"product-small col has-hover product type-product post-12506 status-publish first instock product_cat-omega-3-ifos-certificado product_tag-essentials has-post-thumbnail taxable shipping-taxable purchasable product-type-variable has-default-attributes\">\n\t<div class=\"col-inner\">\n\t\n<div class=\"badge-container absolute left top z-1\">\n\n<\/div>\n\t<div class=\"product-small box \">\n\t\t<div class=\"box-image\">\n\t\t\t<div class=\"image-zoom_in\">\n\t\t\t\t<a href=\"https:\/\/vibefarma.com\/us\/tienda\/omega-3-con-vitamina-d-essentials\/\">\n\t\t\t\t\t<img loading=\"lazy\" decoding=\"async\" width=\"350\" height=\"435\" src=\"https:\/\/vibefarma.com\/us\/wp-content\/uploads\/2023\/01\/omega-3-essentials60-vibefarma-350x435.jpg\" class=\"attachment-woocommerce_thumbnail size-woocommerce_thumbnail\" alt=\"omega 3 con vitamina d\" srcset=\"https:\/\/vibefarma.com\/us\/wp-content\/uploads\/2023\/01\/omega-3-essentials60-vibefarma-350x435.jpg 350w, https:\/\/vibefarma.com\/us\/wp-content\/uploads\/2023\/01\/omega-3-essentials60-vibefarma-595x739.jpg 595w, https:\/\/vibefarma.com\/us\/wp-content\/uploads\/2023\/01\/omega-3-essentials60-vibefarma-242x300.jpg 242w, https:\/\/vibefarma.com\/us\/wp-content\/uploads\/2023\/01\/omega-3-essentials60-vibefarma-824x1024.jpg 824w, https:\/\/vibefarma.com\/us\/wp-content\/uploads\/2023\/01\/omega-3-essentials60-vibefarma-768x954.jpg 768w, https:\/\/vibefarma.com\/us\/wp-content\/uploads\/2023\/01\/omega-3-essentials60-vibefarma.jpg 1140w\" sizes=\"auto, (max-width: 350px) 100vw, 350px\" \/>\t\t\t\t<\/a>\n\t\t\t<\/div>\n\t\t\t<div class=\"image-tools is-small top right show-on-hover\">\n\t\t\t\t\t\t\t<\/div>\n\t\t\t<div class=\"image-tools is-small hide-for-small bottom left show-on-hover\">\n\t\t\t\t\t\t\t<\/div>\n\t\t\t<div class=\"image-tools grid-tools text-center hide-for-small bottom hover-slide-in show-on-hover\">\n\t\t\t\t\t\t\t<\/div>\n\t\t\t\t\t<\/div>\n\n\t\t<div class=\"box-text box-text-products\">\n\t\t\t<div class=\"title-wrapper\">\t\t<p class=\"category uppercase is-smaller no-text-overflow product-cat op-8\">\n\t\t\tOmega 3\t\t<\/p>\n\t<p class=\"name product-title woocommerce-loop-product__title\"><a href=\"https:\/\/vibefarma.com\/us\/tienda\/omega-3-con-vitamina-d-essentials\/\" class=\"woocommerce-LoopProduct-link woocommerce-loop-product__link\">Omega 3 Essentials (con Vitamina D3)<\/a><\/p><\/div><div class=\"price-wrapper\">\n\t<span class=\"price\">Desde: <span class=\"woocommerce-Price-amount amount\"><bdi>19.00<span class=\"woocommerce-Price-currencySymbol\">&euro;<\/span><\/bdi><\/span><\/span>\n<\/div>\t\t<\/div>\n\t<\/div>\n\t<span class=\"gtm4wp_productdata\" style=\"display:none; visibility:hidden;\" data-gtm4wp_product_data=\"{&quot;internal_id&quot;:12506,&quot;item_id&quot;:12506,&quot;item_name&quot;:&quot;Omega 3 Essentials (con Vitamina D3)&quot;,&quot;sku&quot;:12506,&quot;price&quot;:19,&quot;stocklevel&quot;:null,&quot;stockstatus&quot;:&quot;instock&quot;,&quot;google_business_vertical&quot;:&quot;retail&quot;,&quot;item_category&quot;:&quot;Omega 3&quot;,&quot;id&quot;:12506,&quot;productlink&quot;:&quot;https:\\\/\\\/vibefarma.com\\\/us\\\/tienda\\\/omega-3-con-vitamina-d-essentials\\\/&quot;,&quot;item_list_name&quot;:&quot;Lista general de productos&quot;,&quot;index&quot;:1,&quot;product_type&quot;:&quot;variable&quot;,&quot;item_brand&quot;:&quot;&quot;}\"><\/span>\t<\/div>\n<\/div><div class=\"product-small col has-hover product type-product post-43610 status-publish instock product_cat-proteinas-aminoacidos product_tag-selection has-post-thumbnail featured taxable shipping-taxable purchasable product-type-variable has-default-attributes\">\n\t<div class=\"col-inner\">\n\t\n<div class=\"badge-container absolute left top z-1\">\n\n<\/div>\n\t<div class=\"product-small box \">\n\t\t<div class=\"box-image\">\n\t\t\t<div class=\"image-zoom_in\">\n\t\t\t\t<a href=\"https:\/\/vibefarma.com\/us\/tienda\/creatina-selection\/\">\n\t\t\t\t\t<img loading=\"lazy\" decoding=\"async\" width=\"350\" height=\"435\" src=\"https:\/\/vibefarma.com\/us\/wp-content\/uploads\/2024\/09\/creatina-selection-350x435.jpg\" class=\"attachment-woocommerce_thumbnail size-woocommerce_thumbnail\" alt=\"Creatina Selection\" srcset=\"https:\/\/vibefarma.com\/us\/wp-content\/uploads\/2024\/09\/creatina-selection-350x435.jpg 350w, https:\/\/vibefarma.com\/us\/wp-content\/uploads\/2024\/09\/creatina-selection-242x300.jpg 242w, https:\/\/vibefarma.com\/us\/wp-content\/uploads\/2024\/09\/creatina-selection-121x150.jpg 121w, https:\/\/vibefarma.com\/us\/wp-content\/uploads\/2024\/09\/creatina-selection-450x559.jpg 450w, https:\/\/vibefarma.com\/us\/wp-content\/uploads\/2024\/09\/creatina-selection.jpg 570w\" sizes=\"auto, (max-width: 350px) 100vw, 350px\" \/>\t\t\t\t<\/a>\n\t\t\t<\/div>\n\t\t\t<div class=\"image-tools is-small top right show-on-hover\">\n\t\t\t\t\t\t\t<\/div>\n\t\t\t<div class=\"image-tools is-small hide-for-small bottom left show-on-hover\">\n\t\t\t\t\t\t\t<\/div>\n\t\t\t<div class=\"image-tools grid-tools text-center hide-for-small bottom hover-slide-in show-on-hover\">\n\t\t\t\t\t\t\t<\/div>\n\t\t\t\t\t<\/div>\n\n\t\t<div class=\"box-text box-text-products\">\n\t\t\t<div class=\"title-wrapper\">\t\t<p class=\"category uppercase is-smaller no-text-overflow product-cat op-8\">\n\t\t\tProte\u00ednas &amp; Amino\u00e1cidos\t\t<\/p>\n\t<p class=\"name product-title woocommerce-loop-product__title\"><a href=\"https:\/\/vibefarma.com\/us\/tienda\/creatina-selection\/\" class=\"woocommerce-LoopProduct-link woocommerce-loop-product__link\">Creatina Selection<\/a><\/p><\/div><div class=\"price-wrapper\">\n\t<span class=\"price\"><span class=\"woocommerce-Price-amount amount\"><bdi>19.00<span class=\"woocommerce-Price-currencySymbol\">&euro;<\/span><\/bdi><\/span><\/span>\n<\/div>\t\t<\/div>\n\t<\/div>\n\t<span class=\"gtm4wp_productdata\" style=\"display:none; visibility:hidden;\" data-gtm4wp_product_data=\"{&quot;internal_id&quot;:43610,&quot;item_id&quot;:43610,&quot;item_name&quot;:&quot;Creatina Selection&quot;,&quot;sku&quot;:43610,&quot;price&quot;:19,&quot;stocklevel&quot;:null,&quot;stockstatus&quot;:&quot;instock&quot;,&quot;google_business_vertical&quot;:&quot;retail&quot;,&quot;item_category&quot;:&quot;Prote\\u00ednas &amp; Amino\\u00e1cidos&quot;,&quot;id&quot;:43610,&quot;productlink&quot;:&quot;https:\\\/\\\/vibefarma.com\\\/us\\\/tienda\\\/creatina-selection\\\/&quot;,&quot;item_list_name&quot;:&quot;Lista general de productos&quot;,&quot;index&quot;:2,&quot;product_type&quot;:&quot;variable&quot;,&quot;item_brand&quot;:&quot;&quot;}\"><\/span>\t<\/div>\n<\/div><div class=\"product-small col has-hover product type-product post-39614 status-publish instock product_cat-proteinas-aminoacidos product_tag-essentials has-post-thumbnail taxable shipping-taxable purchasable product-type-variable has-default-attributes\">\n\t<div class=\"col-inner\">\n\t\n<div class=\"badge-container absolute left top z-1\">\n\n<\/div>\n\t<div class=\"product-small box \">\n\t\t<div class=\"box-image\">\n\t\t\t<div class=\"image-zoom_in\">\n\t\t\t\t<a href=\"https:\/\/vibefarma.com\/us\/tienda\/proteinas-essentials\/\">\n\t\t\t\t\t<img loading=\"lazy\" decoding=\"async\" width=\"350\" height=\"435\" src=\"https:\/\/vibefarma.com\/us\/wp-content\/uploads\/2023\/12\/proteinas-essentials-350x435.jpg\" class=\"attachment-woocommerce_thumbnail size-woocommerce_thumbnail\" alt=\"Prote\u00ednas Essentials\" srcset=\"https:\/\/vibefarma.com\/us\/wp-content\/uploads\/2023\/12\/proteinas-essentials-350x435.jpg 350w, https:\/\/vibefarma.com\/us\/wp-content\/uploads\/2023\/12\/proteinas-essentials-242x300.jpg 242w, https:\/\/vibefarma.com\/us\/wp-content\/uploads\/2023\/12\/proteinas-essentials-510x633.jpg 510w, https:\/\/vibefarma.com\/us\/wp-content\/uploads\/2023\/12\/proteinas-essentials.jpg 570w\" sizes=\"auto, (max-width: 350px) 100vw, 350px\" \/>\t\t\t\t<\/a>\n\t\t\t<\/div>\n\t\t\t<div class=\"image-tools is-small top right show-on-hover\">\n\t\t\t\t\t\t\t<\/div>\n\t\t\t<div class=\"image-tools is-small hide-for-small bottom left show-on-hover\">\n\t\t\t\t\t\t\t<\/div>\n\t\t\t<div class=\"image-tools grid-tools text-center hide-for-small bottom hover-slide-in show-on-hover\">\n\t\t\t\t\t\t\t<\/div>\n\t\t\t\t\t<\/div>\n\n\t\t<div class=\"box-text box-text-products\">\n\t\t\t<div class=\"title-wrapper\">\t\t<p class=\"category uppercase is-smaller no-text-overflow product-cat op-8\">\n\t\t\tProte\u00ednas &amp; Amino\u00e1cidos\t\t<\/p>\n\t<p class=\"name product-title woocommerce-loop-product__title\"><a href=\"https:\/\/vibefarma.com\/us\/tienda\/proteinas-essentials\/\" class=\"woocommerce-LoopProduct-link woocommerce-loop-product__link\">Prote\u00ednas Essentials<\/a><\/p><\/div><div class=\"price-wrapper\">\n\t<span class=\"price\"><span class=\"woocommerce-Price-amount amount\"><bdi>52.00<span class=\"woocommerce-Price-currencySymbol\">&euro;<\/span><\/bdi><\/span><\/span>\n<\/div>\t\t<\/div>\n\t<\/div>\n\t<span class=\"gtm4wp_productdata\" style=\"display:none; visibility:hidden;\" data-gtm4wp_product_data=\"{&quot;internal_id&quot;:39614,&quot;item_id&quot;:39614,&quot;item_name&quot;:&quot;Prote\\u00ednas Essentials&quot;,&quot;sku&quot;:39614,&quot;price&quot;:52,&quot;stocklevel&quot;:null,&quot;stockstatus&quot;:&quot;instock&quot;,&quot;google_business_vertical&quot;:&quot;retail&quot;,&quot;item_category&quot;:&quot;Prote\\u00ednas &amp; Amino\\u00e1cidos&quot;,&quot;id&quot;:39614,&quot;productlink&quot;:&quot;https:\\\/\\\/vibefarma.com\\\/us\\\/tienda\\\/proteinas-essentials\\\/&quot;,&quot;item_list_name&quot;:&quot;Lista general de productos&quot;,&quot;index&quot;:3,&quot;product_type&quot;:&quot;variable&quot;,&quot;item_brand&quot;:&quot;&quot;}\"><\/span>\t<\/div>\n<\/div><\/div>\n\t\t<\/div>\n\t\t\t\t\t<\/div>\n\n\t\n<\/div>\n\t\t<\/div>\n\n\t\t\n<style>\n#section_847906145 {\n  padding-top: 0px;\n  padding-bottom: 0px;\n}\n<\/style>\n\t<\/section>\n\t\n\n\t<section class=\"section\" id=\"section_81792013\">\n\t\t<div class=\"section-bg fill\" >\n\t\t\t\t\t\t\t\t\t\n\t\t\t\n\n\t\t<\/div>\n\n\t\t\n\n\t\t<div class=\"section-content relative\">\n\t\t\t\n<div class=\"row\"  id=\"row-1703929888\">\n\n\t<div id=\"col-1233571470\" class=\"col small-11 large-12\"  >\n\t\t\t\t<div class=\"col-inner text-left\"  >\n\t\t\t\n\t\t\t\n\t<div id=\"text-2874811611\" class=\"text\">\n\t\t\n<h2>&#x1f4dd; Apuntes<\/h2>\n<p><strong>Estos tres suplementos trabajan sin\u00e9rgicamente para promover la ganancia muscular:<\/strong><\/p>\n<ol class=\"marker:text-textOff list-decimal pl-8\">\n<li>El <a href=\"https:\/\/vibefarma.com\/comprar\/omega-3-ifos-certificado\/\"><strong>Omega 3<\/strong><\/a> contribuye a fomentar la ganancia de masa muscular, reduce la inflamaci\u00f3n y el dolor muscular post-ejercicio, mejorando la recuperaci\u00f3n y el rendimiento.<\/li>\n<li>La <strong>Creatina<\/strong> es uno de los suplementos m\u00e1s efectivos para aumentar la fuerza y la masa muscular. Mejora el rendimiento en entrenamientos de alta intensidad y corta duraci\u00f3n.<\/li>\n<li>La <a href=\"https:\/\/vibefarma.com\/comprar\/proteinas-aminoacidos\/\"><strong>Prote\u00edna Isolate<\/strong><\/a> es una forma altamente purificada de prote\u00edna con un contenido m\u00ednimo de grasa y carbohidratos. Proporciona amino\u00e1cidos esenciales de r\u00e1pida absorci\u00f3n, cruciales para la s\u00edntesis de prote\u00ednas musculares y la recuperaci\u00f3n post-entrenamiento.<\/li>\n<\/ol>\n\t\t\n<style>\n#text-2874811611 {\n  text-align: left;\n}\n<\/style>\n\t<\/div>\n\t\n\t\t<\/div>\n\t\t\t\t\t<\/div>\n\n\t\n<\/div>\n\t\t<\/div>\n\n\t\t\n<style>\n#section_81792013 {\n  padding-top: 60px;\n  padding-bottom: 60px;\n}\n<\/style>\n\t<\/section>\n\t\n","protected":false},"excerpt":{"rendered":"","protected":false},"author":1,"featured_media":0,"parent":46080,"menu_order":0,"comment_status":"closed","ping_status":"closed","template":"page-blank.php","meta":{"_daextinma_seo_power":"1000","_daextinma_enable_ail":"","footnotes":""},"class_list":["post-46136","page","type-page","status-publish","hentry"],"_links":{"self":[{"href":"https:\/\/vibefarma.com\/us\/wp-json\/wp\/v2\/pages\/46136","targetHints":{"allow":["GET"]}}],"collection":[{"href":"https:\/\/vibefarma.com\/us\/wp-json\/wp\/v2\/pages"}],"about":[{"href":"https:\/\/vibefarma.com\/us\/wp-json\/wp\/v2\/types\/page"}],"author":[{"embeddable":true,"href":"https:\/\/vibefarma.com\/us\/wp-json\/wp\/v2\/users\/1"}],"replies":[{"embeddable":true,"href":"https:\/\/vibefarma.com\/us\/wp-json\/wp\/v2\/comments?post=46136"}],"version-history":[{"count":5,"href":"https:\/\/vibefarma.com\/us\/wp-json\/wp\/v2\/pages\/46136\/revisions"}],"predecessor-version":[{"id":47016,"href":"https:\/\/vibefarma.com\/us\/wp-json\/wp\/v2\/pages\/46136\/revisions\/47016"}],"up":[{"embeddable":true,"href":"https:\/\/vibefarma.com\/us\/wp-json\/wp\/v2\/pages\/46080"}],"wp:attachment":[{"href":"https:\/\/vibefarma.com\/us\/wp-json\/wp\/v2\/media?parent=46136"}],"curies":[{"name":"wp","href":"https:\/\/api.w.org\/{rel}","templated":true}]}}