{"id":34041,"date":"2023-01-10T17:18:55","date_gmt":"2023-01-10T17:18:55","guid":{"rendered":"https:\/\/vibefarma.com\/us\/?page_id=34041"},"modified":"2023-02-02T11:14:51","modified_gmt":"2023-02-02T11:14:51","slug":"devoluciones","status":"publish","type":"page","link":"https:\/\/vibefarma.com\/us\/terminos-condiciones\/devoluciones\/","title":{"rendered":"Devoluciones"},"content":{"rendered":"\n\t<section class=\"section\" id=\"section_1016274382\">\n\t\t<div class=\"section-bg fill\" >\n\t\t\t\t\t\t\t\t\t\n\t\t\t\n\n\t\t<\/div>\n\n\t\t\n\n\t\t<div class=\"section-content relative\">\n\t\t\t\n\t<div id=\"gap-2084912267\" class=\"gap-element clearfix\" style=\"display:block; height:auto;\">\n\t\t\n<style>\n#gap-2084912267 {\n  padding-top: 55px;\n}\n<\/style>\n\t<\/div>\n\t\n<div class=\"row align-center\"  id=\"row-384393050\">\n\n\t<div id=\"col-144540296\" class=\"col medium-8 small-12 large-6\"  >\n\t\t\t\t<div class=\"col-inner text-center\"  >\n\t\t\t\n\t\t\t\n\t<div id=\"text-4224813144\" class=\"text\">\n\t\t\n<h6>Home \u2022 devoluciones<\/h6>\n\t\t\n<style>\n#text-4224813144 {\n  font-size: 0.8rem;\n}\n<\/style>\n\t<\/div>\n\t\n\t<div id=\"text-654659547\" class=\"text\">\n\t\t\n<h1>Devoluciones<\/h1>\n\t\t\n<style>\n#text-654659547 {\n  font-size: 1.5rem;\n}\n<\/style>\n\t<\/div>\n\t\n\t\t<\/div>\n\t\t\t\t\t<\/div>\n\n\t\n<\/div>\n\t\t<\/div>\n\n\t\t\n<style>\n#section_1016274382 {\n  padding-top: 20px;\n  padding-bottom: 20px;\n  background-color: rgb(255,255,255);\n}\n@media (min-width:550px) {\n  #section_1016274382 {\n    padding-top: 40px;\n    padding-bottom: 40px;\n  }\n}\n<\/style>\n\t<\/section>\n\t\n<div class=\"is-divider divider clearfix\" style=\"margin-top:1.0px;margin-bottom:1.0px;max-width:100%;height:1px;background-color:rgb(237, 237, 237);\"><\/div>\n\n\t<section class=\"section\" id=\"section_82090415\">\n\t\t<div class=\"section-bg fill\" >\n\t\t\t\t\t\t\t\t\t\n\t\t\t\n\n\t\t<\/div>\n\n\t\t\n\n\t\t<div class=\"section-content relative\">\n\t\t\t\n\t<div id=\"gap-1586670653\" class=\"gap-element clearfix\" style=\"display:block; height:auto;\">\n\t\t\n<style>\n#gap-1586670653 {\n  padding-top: 40px;\n}\n<\/style>\n\t<\/div>\n\t\n<div class=\"row align-center\"  id=\"row-842976043\">\n\n\t<div id=\"col-1757756804\" class=\"col medium-3 small-12 large-3\"  >\n\t\t\t\t<div class=\"col-inner\"  >\n\t\t\t\n\t\t\t\n\t<div class=\"ux-menu stack stack-col justify-start ux-menu--divider-solid\">\n\t\t\n\t<div class=\"ux-menu-link flex menu-item\">\n\t\t<a class=\"ux-menu-link__link flex\" href=\"https:\/\/vibefarma.com\/us\/terminos-condiciones\/generales\/\" >\n\t\t\t\t\t\t<span class=\"ux-menu-link__text\">\n\t\t\t\tCondiciones Generales\t\t\t<\/span>\n\t\t<\/a>\n\t<\/div>\n\t\n\t<div class=\"ux-menu-link flex menu-item\">\n\t\t<a class=\"ux-menu-link__link flex\" href=\"https:\/\/vibefarma.com\/us\/terminos-condiciones\/privacidad\/\" >\n\t\t\t\t\t\t<span class=\"ux-menu-link__text\">\n\t\t\t\tPrivacidad\t\t\t<\/span>\n\t\t<\/a>\n\t<\/div>\n\t\n\t<div class=\"ux-menu-link flex menu-item\">\n\t\t<a class=\"ux-menu-link__link flex\" href=\"https:\/\/vibefarma.com\/us\/terminos-condiciones\/contenidos\/\" >\n\t\t\t\t\t\t<span class=\"ux-menu-link__text\">\n\t\t\t\tContenidos\t\t\t<\/span>\n\t\t<\/a>\n\t<\/div>\n\t\n\t<div class=\"ux-menu-link flex menu-item\">\n\t\t<a class=\"ux-menu-link__link flex\" href=\"https:\/\/vibefarma.com\/us\/terminos-condiciones\/envios-entregas\/\" >\n\t\t\t\t\t\t<span class=\"ux-menu-link__text\">\n\t\t\t\tEnv\u00edos y Entregas\t\t\t<\/span>\n\t\t<\/a>\n\t<\/div>\n\t\n\t<div class=\"ux-menu-link flex menu-item\">\n\t\t<a class=\"ux-menu-link__link flex\" href=\"https:\/\/vibefarma.com\/us\/terminos-condiciones\/pago\/\" >\n\t\t\t\t\t\t<span class=\"ux-menu-link__text\">\n\t\t\t\tFormas de Pago\t\t\t<\/span>\n\t\t<\/a>\n\t<\/div>\n\t\n\t<div class=\"ux-menu-link flex menu-item\">\n\t\t<a class=\"ux-menu-link__link flex\" href=\"https:\/\/vibefarma.com\/us\/terminos-condiciones\/devoluciones\/\" >\n\t\t\t\t\t\t<span class=\"ux-menu-link__text\">\n\t\t\t\tDevoluciones\t\t\t<\/span>\n\t\t<\/a>\n\t<\/div>\n\t\n\t<div class=\"ux-menu-link flex menu-item\">\n\t\t<a class=\"ux-menu-link__link flex\" href=\"https:\/\/vibefarma.com\/us\/terminos-condiciones\/datos-productos\/\" >\n\t\t\t\t\t\t<span class=\"ux-menu-link__text\">\n\t\t\t\tDatos Sobre Producto\t\t\t<\/span>\n\t\t<\/a>\n\t<\/div>\n\t\n\t<div class=\"ux-menu-link flex menu-item\">\n\t\t<a class=\"ux-menu-link__link flex\" href=\"https:\/\/vibefarma.com\/us\/terminos-condiciones\/reclamaciones\/\" >\n\t\t\t\t\t\t<span class=\"ux-menu-link__text\">\n\t\t\t\tReclamaciones\t\t\t<\/span>\n\t\t<\/a>\n\t<\/div>\n\t\n\t<div class=\"ux-menu-link flex menu-item\">\n\t\t<a class=\"ux-menu-link__link flex\" href=\"https:\/\/vibefarma.com\/us\/terminos-condiciones\/garantia\/\" >\n\t\t\t\t\t\t<span class=\"ux-menu-link__text\">\n\t\t\t\tGarant\u00eda de Productos\t\t\t<\/span>\n\t\t<\/a>\n\t<\/div>\n\t\n\t<\/div>\n\t\n\t\t<\/div>\n\t\t\t\t\t<\/div>\n\n\t\n\n\t<div id=\"col-360975249\" class=\"col medium-8 small-12 large-7 small-col-first\"  >\n\t\t\t\t<div class=\"col-inner\"  >\n\t\t\t\n\t\t\t\n<h3>Derecho de Desestimiento<\/h3>\n<p>El Usuario, en tanto que consumidor y usuario, realiza una compra en el Sitio Web y, por tanto<strong> le asiste el derecho a desistir de dicha compra en un plazo de 14 d\u00edas naturales sin necesidad de justificaci\u00f3n.<\/strong><\/p>\n<p>Este plazo de desistimiento expirar\u00e1 a los 14 d\u00edas naturales del d\u00eda que el Usuario o un tercero autorizado por \u00e9ste, distinto del transportista, adquiri\u00f3 la posesi\u00f3n material de los bienes adquiridos en el Sitio Web de Vibefarma o en caso de que los bienes que componen su pedido se entreguen por separado, a los 14 d\u00edas naturales del d\u00eda que el Usuario o un tercero autorizado por \u00e9ste, distinto del transportista, adquiri\u00f3 la posesi\u00f3n material del \u00faltimo de esos bienes que compon\u00edan un mismo pedido de compra.<\/p>\n<p><strong>Para ejercer este derecho de desistimiento, el Usuario deber\u00e1 notificar su decisi\u00f3n a\u00a0<a href=\"mailto:ho**@*******ma.com\" data-original-string=\"EwQpO12dQD0TZQz16djeVg==16b6bepPOB\/HLu+RLpzIh4wy+GDIs67Q4ul8cL6XbNVsTU=\" title=\"Este contacto ha sido codificado por Anti-Spam by CleanTalk. Haz clic para decodificar. Para finalizar la decodificaci\u00f3n, aseg\u00farate de que JavaScript est\u00e1 activado en tu navegador.\"><span \n                data-original-string='47JEB5tworl9AiKS8V1Mpg==16brygUi8quqSKX+CII3evAUfuh616YP3qBJ9c6T+XPUYo='\n                class='apbct-email-encoder'\n                title='Este contacto ha sido codificado por Anti-Spam by CleanTalk. Haz clic para decodificar. Para finalizar la decodificaci\u00f3n, aseg\u00farate de que JavaScript est\u00e1 activado en tu navegador.'>ho<span class=\"apbct-blur\">**<\/span>@<span class=\"apbct-blur\">*******<\/span>ma.com<\/span><\/a>\u00a0tambi\u00e9n podr\u00e1 hacerlo, en su caso, a trav\u00e9s de los espacios de contacto habilitados en el Sitio.<\/strong><\/p>\n<p>El Usuario, independientemente del medio que elija para comunicar su decisi\u00f3n, <strong>debe expresar de forma clara e inequ\u00edvoca que es su intenci\u00f3n desistir del contrato de compra.<\/strong><\/p>\n<p>En todo caso, el Usuario podr\u00e1 utilizar el modelo de formulario de desistimiento pinchando en\u00a0<strong>este enlace<\/strong>, sin embargo, su uso no es obligatorio.<\/p>\n<p>Para cumplir el plazo de desistimiento, basta con que la comunicaci\u00f3n que expresa inequ\u00edvocamente la decisi\u00f3n de desistir sea enviada antes de que venza el plazo correspondiente.<\/p>\n<p><strong>En caso de desistimiento, Vibefarma reembolsar\u00e1 al Usuario todos los pagos recibidos,<\/strong> incluidos los gastos de env\u00edo (con la excepci\u00f3n de los gastos adicionales elegidos por el Usuario para una modalidad de env\u00edo diferente a la modalidad menos costosa ofrecida en el Sitio Web) sin ninguna demora indebida y, en todo caso, a m\u00e1s tardar en 14 d\u00edas naturales a partir de la fecha en la que es informado de la decisi\u00f3n de desistir por el Usuario.<\/p>\n<p><strong>Vibefarma reembolsar\u00e1 al Usuario utilizando el mismo m\u00e9todo de pago que emple\u00f3 este para realizar la transacci\u00f3n inicial de compra.<\/strong><\/p>\n<p><strong>Este reembolso no generar\u00e1 ning\u00fan coste adicional al Usuario.<\/strong> No obstante, Vibefarma podr\u00eda retener dicho reembolso hasta haber recibido los productos o art\u00edculos de la compra, o hasta que el Usuario presente una prueba de la devoluci\u00f3n de los mismos, seg\u00fan qu\u00e9 condici\u00f3n se cumpla primero.<\/p>\n<p><strong>El Usuario puede devolver o enviar los productos C\/ Poniente, num. 10. Pol\u00edgono Ind. La Reva. Sector 12 \u2013 46394 Ribarroja del T\u00faria (Valencia)<\/strong><\/p>\n<p>Y deber\u00e1 hacerlo sin ninguna demora indebida y, en cualquier caso, a m\u00e1s tardar en el plazo de 14 d\u00edas naturales a partir de la fecha en que Vibefarma fue informado de la decisi\u00f3n de desistimiento.<\/p>\n<p>Si fuera posible y para mayor seguridad en su embalaje original, en perfecto estado y condici\u00f3n, sin utilizar o usar y completos.<\/p>\n<p><strong>Por razones de protecci\u00f3n de la salud e higiene (Ref. BOE-A-2014-3329) al tratarse de complementos alimenticios, los productos van precintados, por lo que NO podr\u00e1n estar desprecintados al proceder a su devoluci\u00f3n.<\/strong> No se aceptar\u00e1n art\u00edculos que hayan sido enviados desprecintados, abiertos, incompletos, estropeados o da\u00f1ados por parte del Cliente.<\/p>\n<p><strong>El Usuario reconoce conocer que deber\u00e1 asumir el coste directo de devoluci\u00f3n (transporte, entrega) de los bienes, si se incurriera en alguno.<\/strong> Adem\u00e1s, ser\u00e1 responsable de la disminuci\u00f3n de valor de los productos resultante de una manipulaci\u00f3n distinta a la necesaria para establecer la naturaleza, las caracter\u00edsticas y el funcionamiento de los bienes<\/p>\n\t\t<\/div>\n\t\t\t\t\t<\/div>\n\n\t\n<\/div>\n\t\t<\/div>\n\n\t\t\n<style>\n#section_82090415 {\n  padding-top: 10px;\n  padding-bottom: 10px;\n  background-color: rgb(255,255,255);\n}\n<\/style>\n\t<\/section>\n\t\n","protected":false},"excerpt":{"rendered":"","protected":false},"author":1,"featured_media":0,"parent":34000,"menu_order":0,"comment_status":"closed","ping_status":"closed","template":"page-blank.php","meta":{"_daextinma_seo_power":"","_daextinma_enable_ail":"","footnotes":""},"class_list":["post-34041","page","type-page","status-publish","hentry"],"_links":{"self":[{"href":"https:\/\/vibefarma.com\/us\/wp-json\/wp\/v2\/pages\/34041","targetHints":{"allow":["GET"]}}],"collection":[{"href":"https:\/\/vibefarma.com\/us\/wp-json\/wp\/v2\/pages"}],"about":[{"href":"https:\/\/vibefarma.com\/us\/wp-json\/wp\/v2\/types\/page"}],"author":[{"embeddable":true,"href":"https:\/\/vibefarma.com\/us\/wp-json\/wp\/v2\/users\/1"}],"replies":[{"embeddable":true,"href":"https:\/\/vibefarma.com\/us\/wp-json\/wp\/v2\/comments?post=34041"}],"version-history":[{"count":5,"href":"https:\/\/vibefarma.com\/us\/wp-json\/wp\/v2\/pages\/34041\/revisions"}],"predecessor-version":[{"id":35226,"href":"https:\/\/vibefarma.com\/us\/wp-json\/wp\/v2\/pages\/34041\/revisions\/35226"}],"up":[{"embeddable":true,"href":"https:\/\/vibefarma.com\/us\/wp-json\/wp\/v2\/pages\/34000"}],"wp:attachment":[{"href":"https:\/\/vibefarma.com\/us\/wp-json\/wp\/v2\/media?parent=34041"}],"curies":[{"name":"wp","href":"https:\/\/api.w.org\/{rel}","templated":true}]}}