{"id":44303,"date":"2024-10-21T19:31:26","date_gmt":"2024-10-21T17:31:26","guid":{"rendered":"https:\/\/vibefarma.com\/pt\/?post_type=product&#038;p=44303"},"modified":"2026-05-01T17:45:53","modified_gmt":"2026-05-01T15:45:53","slug":"oleo-de-oregaos","status":"publish","type":"product","link":"https:\/\/vibefarma.com\/pt\/tienda\/oleo-de-oregaos\/","title":{"rendered":"\u00d3leo de or\u00e9g\u00e3os"},"content":{"rendered":"<h2><span style=\"font-size: 90%;\">\u00d3leo de or\u00e9g\u00e3os da Sura Vitasan<\/span><\/h2>\n<p>Complemento alimenticio a base de aceite de or\u00e9gano de cultivo salvaje, obtenido de la especie <em>Origanum minutiflorum<\/em>, con una de las concentraciones naturales m\u00e1s elevadas de carvacrol (91-95% en los aceites vol\u00e1tiles). &#x1f3d4;&#xfe0f; A planta cresce at\u00e9 mais de 1.500 m de altitude na cordilheira turca, e esta localiza\u00e7\u00e3o \u00fanica determina o seu elevado teor de carvacrol.A extra\u00e7\u00e3o manual, sem solventes, garante um \u00f3leo da mais alta pureza e qualidade. O \u00f3leo de or\u00e9g\u00e3os \u00e9 obtido por arrastamento de vapor e misturado com azeite biol\u00f3gico, extra\u00eddo por primeira press\u00e3o a frio.\t<div id=\"gap-933154835\" class=\"gap-element clearfix\" style=\"display:block; height:auto;\">\n\t\t\n<style>\n#gap-933154835 {\n  padding-top: 30px;\n}\n<\/style>\n\t<\/div>\n\t\n<h3>&#x26a1; <span style=\"font-size: 90%;\">Composi\u00e7\u00e3o e ingredientes<\/span><\/h3>\n<table>\n<thead>\n<tr>\n<th style=\"text-align: left;\">Composi\u00e7\u00e3o<\/th>\n<th>Quantidade por 3 gotas<\/th>\n<\/tr>\n<\/thead>\n<tbody>\n<tr>\n<td>\u00d3leo de or\u00e9g\u00e3os (Origanum minutiflorum) (5,42 mg\/gota)<\/td>\n<td>0,015 ml<\/td>\n<\/tr>\n<tr>\n<td>(75-85% carvacrol; 93% carvacrol de \u00f3leos vol\u00e1teis) (4-4,6 mg\/gota de carvacrol)<\/td>\n<td><\/td>\n<\/tr>\n<tr>\n<td>Azeite (Olea europea)<\/td>\n<td>0,072 ml<\/td>\n<\/tr>\n<\/tbody>\n<\/table>\n\t<div id=\"gap-1991380771\" class=\"gap-element clearfix\" style=\"display:block; height:auto;\">\n\t\t\n<style>\n#gap-1991380771 {\n  padding-top: 30px;\n}\n<\/style>\n\t<\/div>\n\t\n<p><strong>&#x2705; Dose di\u00e1ria recomendada:<\/strong> 3 gotas numa pequena quantidade de \u00e1gua ou sumo (30 ml). Manter debaixo da l\u00edngua durante alguns minutos, gargarejar e depois engolir. Pode ser repetido at\u00e9 8 vezes por dia, de forma espa\u00e7ada, ou conforme recomendado por um profissional de sa\u00fade.<\/p>\n<p>&#x1f469;&#x200d;&#x2695;&#xfe0f; Consulte um profissional antes de tomar este produto: durante a gravidez ou a amamenta\u00e7\u00e3o, se estiver a tomar medicamentos e se tiver condi\u00e7\u00f5es m\u00e9dicas especiais.<\/p>\n<p>\n\t<div id=\"gap-841278823\" class=\"gap-element clearfix\" style=\"display:block; height:auto;\">\n\t\t\n<style>\n#gap-841278823 {\n  padding-top: 30px;\n}\n<\/style>\n\t<\/div>\n\t\n\n<h3><span style=\"font-size: 90%;\">&#x26a0;&#xfe0f; <strong>Advert\u00eancias<\/strong><\/span><\/h3>\n<div>&#x1f6ab; <strong>N\u00e3o exceda<\/strong> a dose di\u00e1ria expressamente recomendada.<\/div>\n<div>&#x1f476; <strong>Mantenha fora do alcance<\/strong> das crian\u00e7as pequenas.<\/div>\n<div>&#x1f957; <strong>Os suplementos alimentares<\/strong> n\u00e3o devem ser utilizados como substitutos de uma dieta equilibrada e variada nem de um estilo de vida saud\u00e1vel.<\/div>\n<div>&#x2744;&#xfe0f;<strong> Armazene em local fresco, seco e longe da luz solar direta.<\/strong><\/div>\n<div>&#x1f512; <strong>N\u00e3o utilize este produto<\/strong> se o selo de seguran\u00e7a estiver quebrado ou faltar.<\/div>\n","protected":false},"excerpt":{"rendered":"<p>&#x1f48a; <strong>Suplemento alimentar<\/strong> \u00e0 base de <strong>\u00f3leo de or\u00e9g\u00e3os selvagens<\/strong>, obtido da esp\u00e9cie <strong><em>Origanum minutiflorum<\/em><\/strong>, com uma das maiores concentra\u00e7\u00f5es naturais de <strong>carvacrol<\/strong> (91-95% em \u00f3leos vol\u00e1teis).<\/p>\n","protected":false},"featured_media":44308,"template":"","meta":{"_daextinma_seo_power":"","_daextinma_enable_ail":""},"product_brand":[139],"product_cat":[130],"product_tag":[134],"class_list":{"0":"post-44303","1":"product","2":"type-product","3":"status-publish","4":"has-post-thumbnail","6":"product_brand-suravitasan","7":"product_cat-plantas-extractos","8":"product_tag-suravitasan","10":"first","11":"instock","12":"taxable","13":"shipping-taxable","14":"purchasable","15":"product-type-variable","16":"has-default-attributes"},"_links":{"self":[{"href":"https:\/\/vibefarma.com\/pt\/wp-json\/wp\/v2\/product\/44303","targetHints":{"allow":["GET"]}}],"collection":[{"href":"https:\/\/vibefarma.com\/pt\/wp-json\/wp\/v2\/product"}],"about":[{"href":"https:\/\/vibefarma.com\/pt\/wp-json\/wp\/v2\/types\/product"}],"wp:featuredmedia":[{"embeddable":true,"href":"https:\/\/vibefarma.com\/pt\/wp-json\/wp\/v2\/media\/44308"}],"wp:attachment":[{"href":"https:\/\/vibefarma.com\/pt\/wp-json\/wp\/v2\/media?parent=44303"}],"wp:term":[{"taxonomy":"product_brand","embeddable":true,"href":"https:\/\/vibefarma.com\/pt\/wp-json\/wp\/v2\/product_brand?post=44303"},{"taxonomy":"product_cat","embeddable":true,"href":"https:\/\/vibefarma.com\/pt\/wp-json\/wp\/v2\/product_cat?post=44303"},{"taxonomy":"product_tag","embeddable":true,"href":"https:\/\/vibefarma.com\/pt\/wp-json\/wp\/v2\/product_tag?post=44303"}],"curies":[{"name":"wp","href":"https:\/\/api.w.org\/{rel}","templated":true}]}}