{"id":12512,"date":"2023-01-03T16:29:23","date_gmt":"2023-01-03T16:29:23","guid":{"rendered":"https:\/\/vibefarma.com\/pt\/?post_type=product&#038;p=12512"},"modified":"2026-05-06T21:40:34","modified_gmt":"2026-05-06T19:40:34","slug":"omega-3-vegan","status":"publish","type":"product","link":"https:\/\/vibefarma.com\/pt\/tienda\/omega-3-vegan\/","title":{"rendered":"Algas \u00d3mega 3 (Veganos e Vegetarianos)"},"content":{"rendered":"<h2>Vegan Omega 3 &#8211; \u00c0 base de algas da Vibefarma<\/h2>\n<p>O Vegan Omega 3 \u00e0 base de algas da Vibefarma \u00e9 um suplemento alimentar \u00fanico para veganos e vegetarianos, pois \u00e9 fabricado a partir de Omega 3 obtido de algas sob a forma de triglic\u00e9rido natural, fornecendo pelo menos 50 mg de EPA e 250 mg de DHA por c\u00e1psula<\/p>\n<p>\u00c9 uma excelente escolha para vegans e vegetarianos que procuram uma dieta saud\u00e1vel e equilibrada Al\u00e9m disso, para quem procura op\u00e7\u00f5es vegetarianas e veganas, utilizamos gelatina vegana como op\u00e7\u00e3o para a embalagem das c\u00e1psulas<\/p>\n<p>Ideal para veganos, vegetarianos, crian\u00e7as, mulheres gr\u00e1vidas e lactantes, pois o DHA \u00e9 importante para o desenvolvimento cerebral e visual do feto e do rec\u00e9m-nascido<\/p>\n\t<div id=\"gap-80494403\" class=\"gap-element clearfix\" style=\"display:block; height:auto;\">\n\t\t\n<style>\n#gap-80494403 {\n  padding-top: 30px;\n}\n<\/style>\n\t<\/div>\n\t<div class=\"row row-small row-full-width align-equal\"  id=\"row-381015348\">\n\t<div id=\"col-544727150\" class=\"col small-12 large-12\"  >\n\t\t\t\t<div class=\"col-inner\"  >\n\t\t\t\n\t\t\t\n<h3>\u00d3leo de algas isento de metais pesados e toxinas<\/h3>\n<p>O nosso produto foi submetido a testes rigorosos para garantir que cumpre as concentra\u00e7\u00f5es de EPA e DHA indicadas no r\u00f3tulo Tamb\u00e9m foi testado quanto aos n\u00edveis de contaminantes, como metais pesados e toxinas, que excedem os limites de seguran\u00e7a estabelecidos pelas autoridades de sa\u00fade mundiais, como a EFSA, o CRN e o GOED Omega 3<\/p>\n<p>Este suplemento vegan de Omega 3 \u00e0 base de algas da vibefarma \u00e9 a escolha perfeita para vegetarianos, veganos e mulheres gr\u00e1vidas que procuram melhorar a sua sa\u00fade e bem-estar Com a sua elevada concentra\u00e7\u00e3o de \u00d3mega 3, pode obter todos os benef\u00edcios que o \u00d3mega 3 tem para oferecer N\u00e3o perca mais tempo, melhore a sua sa\u00fade e bem-estar com Omega 3 Vegan da Vibefarma Encomende hoje mesmo e comece a desfrutar de todos os benef\u00edcios que o \u00d3mega 3 tem para oferecer<\/p>\n\t\t<\/div>\n\t\t\t\t\t<\/div>\n\n\t\n<style>\n#row-381015348 > .col > .col-inner {\n  padding: 5% 5% 5% 5%;\n  background-color: #ebf7fd;\n  border-radius: 25px;\n}\n<\/style>\n<\/div><div class=\"row row-small row-full-width align-equal\"  id=\"row-1592308677\">\n\t<div id=\"col-625033757\" class=\"col medium-8 small-12 large-8\"  >\n\t\t\t\t<div class=\"col-inner\" style=\"background-color:#f4f1dc;\" >\n\t\t\t\n\t\t\t\n<h2>Benef\u00edcios do \u00d3mega 3 \u00e0 base de algas para os vegetarianos<\/h2>\n<p>Os \u00e1cidos gordos \u00f3mega 3 s\u00e3o essenciais para o organismo, uma vez que fazem parte das membranas celulares e da estrutura do c\u00e9rebro A sua ingest\u00e3o di\u00e1ria em quantidades adequadas contribui para a manuten\u00e7\u00e3o de um funcionamento normal do cora\u00e7\u00e3o, do c\u00e9rebro e dos olhos Reconhecido pela ci\u00eancia pela sua import\u00e2ncia para a sa\u00fade, o \u00f3mega 3 \u00e9 um nutriente essencial para uma alimenta\u00e7\u00e3o saud\u00e1vel e equilibrada<\/p>\n<p>O EPA (\u00e1cido eicosapentaen\u00f3ico) e o DHA contribuem para o normal funcionamento do cora\u00e7\u00e3o* O DHA (\u00e1cido docosahexaen\u00f3ico) contribui para a manuten\u00e7\u00e3o de uma fun\u00e7\u00e3o cerebral normal* O DHA contribui para a manuten\u00e7\u00e3o de uma vis\u00e3o normal*<\/p>\n<p><span style=\"font-size: 75%;\">*Refer\u00eancia: Comiss\u00e3o Europeia (CE) n\u00ba 1924\/2006, de 20 de dezembro de 2006, relativa \u00e0s alega\u00e7\u00f5es de sa\u00fade sobre os alimentos<\/span><\/p>\n\t\t<\/div>\n\t\t\t\t\t<\/div>\n\n\t\n\t<div id=\"col-1051984679\" class=\"col medium-4 small-12 large-4\"  >\n\t\t\t\t<div class=\"col-inner\" style=\"background-color:#d2ffd2;\" >\n\t\t\t\n\t\t\t\n<h2><span style=\"font-size: 23.04px; color: #333333;\">Carater\u00edsticas do Vegan Omega 3 para vegetarianos<\/span><\/h2>\n<p>\u00d3leo de microalgas Schizochytrium Elevado teor de \u00f3mega 3, m\u00ednimo 60% Garantido 50 mg de EPA e 250 mg de DHA por c\u00e1psula C\u00e1psula vegan, isenta de metais pesados e toxinas,<\/p>\n\t\t<\/div>\n\t\t\t\t\t<\/div>\n\n\t\n<style>\n#row-1592308677 > .col > .col-inner {\n  padding: 8% 8% 8% 8%;\n  background-color: #ebf7fd;\n  border-radius: 25px;\n}\n<\/style>\n<\/div><div class=\"row row-small row-full-width align-equal\"  id=\"row-881728913\">\n\t<div id=\"col-386592011\" class=\"col medium-4 small-12 large-4\"  >\n\t\t\t\t<div class=\"col-inner\" style=\"background-color:#f5df85;\" >\n\t\t\t\n\t\t\t\n<h3>C\u00e1psulas de \u00f3mega 3 para veganos e vegetarianos<\/h3>\n<p>A c\u00e1psula \u00e9 uma escolha popular para os vegetarianos porque \u00e9 um inv\u00f3lucro sem prote\u00edna animal e \u00e9 utilizada como substituto dos produtos de gelatina de origem animal, que s\u00e3o feitos a partir de colag\u00e9nio animal Por estas raz\u00f5es, \u00e9 uma op\u00e7\u00e3o atractiva para quem procura produtos sem prote\u00edna animal<\/p>\n\t\t<\/div>\n\t\t\t\t\t<\/div>\n\n\t\n\t<div id=\"col-540105930\" class=\"col medium-8 small-12 large-8\"  >\n\t\t\t\t<div class=\"col-inner\"  >\n\t\t\t\n\t\t\t\n<h3>\u00d3leo de algas marinhas<\/h3>\n<p>O \u00f3leo utilizado \u00e9 derivado de uma esp\u00e9cie de microalga chamada Schizochytrium e \u00e9 produzido em bioreactores por fermenta\u00e7\u00e3o est\u00e9ril em condi\u00e7\u00f5es ass\u00e9pticas e fechadas que permitem um controlo total da produ\u00e7\u00e3o Ap\u00f3s a fermenta\u00e7\u00e3o, seguem-se processos complexos de extra\u00e7\u00e3o, refina\u00e7\u00e3o, inverniza\u00e7\u00e3o (em que as gorduras s\u00f3lidas s\u00e3o removidas dos \u00f3leos l\u00edquidos comest\u00edveis por arrefecimento) e desodoriza\u00e7\u00e3o Circunst\u00e2ncias que fazem deste \u00f3leo uma excelente e sustent\u00e1vel alternativa ou substituto de \u00f3leos marinhos para aumentar a ingest\u00e3o de DHA + EPA<\/p>\n<h3>Alto teor de \u00f3mega 3, m\u00ednimo 60%<\/h3>\n<p>O nosso processo de fabrico tem um elevado grau farmac\u00eautico, o que nos permite obter uma elevada concentra\u00e7\u00e3o de \u00f3mega 3 Cada c\u00e1psula cont\u00e9m n\u00edveis significativos de EPA e DHA, nomeadamente 50 e 250, respetivamente<\/p>\n\t\t<\/div>\n\t\t\t\t\t<\/div>\n\n\t\n<style>\n#row-881728913 > .col > .col-inner {\n  padding: 8% 8% 8% 8%;\n  background-color: #ebf7fd;\n  border-radius: 25px;\n}\n<\/style>\n<\/div>\t<div id=\"gap-236781548\" class=\"gap-element clearfix\" style=\"display:block; height:auto;\">\n\t\t\n<style>\n#gap-236781548 {\n  padding-top: 30px;\n}\n<\/style>\n\t<\/div>\n\t\n","protected":false},"excerpt":{"rendered":"<p>&#x1f33f; <strong>\u00d3leo de algas sob a forma de triglic\u00e9rido natural (TG). <\/strong>Com um m\u00ednimo de <strong>60% de \u00d3mega 3<\/strong>, garantindo pelo menos <strong>50 mg de EPA<\/strong> e <strong>250 mg de DHA<\/strong> por c\u00e1psula (&#x2728; com inv\u00f3lucro vegan). &#x1f6ab; <strong>Livre de metais pesados e toxinas<\/strong>.<\/p>\n","protected":false},"featured_media":47134,"template":"","meta":{"_daextinma_seo_power":"","_daextinma_enable_ail":""},"product_brand":[140],"product_cat":[20],"product_tag":[115],"class_list":{"0":"post-12512","1":"product","2":"type-product","3":"status-publish","4":"has-post-thumbnail","6":"product_brand-vibefarma","7":"product_cat-omega-3-ifos-certificado","8":"product_tag-veganos","10":"first","11":"instock","12":"taxable","13":"shipping-taxable","14":"purchasable","15":"product-type-variable","16":"has-default-attributes"},"_links":{"self":[{"href":"https:\/\/vibefarma.com\/pt\/wp-json\/wp\/v2\/product\/12512","targetHints":{"allow":["GET"]}}],"collection":[{"href":"https:\/\/vibefarma.com\/pt\/wp-json\/wp\/v2\/product"}],"about":[{"href":"https:\/\/vibefarma.com\/pt\/wp-json\/wp\/v2\/types\/product"}],"wp:featuredmedia":[{"embeddable":true,"href":"https:\/\/vibefarma.com\/pt\/wp-json\/wp\/v2\/media\/47134"}],"wp:attachment":[{"href":"https:\/\/vibefarma.com\/pt\/wp-json\/wp\/v2\/media?parent=12512"}],"wp:term":[{"taxonomy":"product_brand","embeddable":true,"href":"https:\/\/vibefarma.com\/pt\/wp-json\/wp\/v2\/product_brand?post=12512"},{"taxonomy":"product_cat","embeddable":true,"href":"https:\/\/vibefarma.com\/pt\/wp-json\/wp\/v2\/product_cat?post=12512"},{"taxonomy":"product_tag","embeddable":true,"href":"https:\/\/vibefarma.com\/pt\/wp-json\/wp\/v2\/product_tag?post=12512"}],"curies":[{"name":"wp","href":"https:\/\/api.w.org\/{rel}","templated":true}]}}