{"id":44305,"date":"2024-10-21T19:31:26","date_gmt":"2024-10-21T17:31:26","guid":{"rendered":"https:\/\/vibefarma.com\/mx\/?post_type=product&#038;p=44305"},"modified":"2025-06-25T12:30:52","modified_gmt":"2025-06-25T10:30:52","slug":"coenzima-q10-retard","status":"publish","type":"product","link":"https:\/\/vibefarma.com\/mx\/tienda\/coenzima-q10-retard\/","title":{"rendered":"Coenzima Q10 Retard"},"content":{"rendered":"<h2><span style=\"font-size: 90%;\">&#x2728; <strong>Coenzima Q10 Retard<\/strong>\u00a0de Sura Vitasan<\/span><\/h2>\n<p><strong>Co-Enzyma Q10 Retard.<\/strong> Emulsi\u00f3n de <strong>Coenzima Q10<\/strong> o <strong>ubiquinona<\/strong> (<strong>100 mg\/c\u00e1p<\/strong>) combinada con <strong>prote\u00edna de guisante<\/strong>, libre de <strong>OGM<\/strong> (organismos gen\u00e9ticamente modificados) <strong>que proporciona una mayor biodisponibilidad, maximizando su eficacia.<\/strong><\/p>\n\t<div id=\"gap-1913924947\" class=\"gap-element clearfix\" style=\"display:block; height:auto;\">\n\t\t\n<style>\n#gap-1913924947 {\n  padding-top: 30px;\n}\n<\/style>\n\t<\/div>\n\t\n<h3>&#x26a1; <strong><span style=\"font-size: 90%;\">Composici\u00f3n e ingredientes<\/span><\/strong><\/h3>\n<table>\n<thead>\n<tr>\n<th>Informaci\u00f3n nutricional<\/th>\n<th>Cantidad por 2 c\u00e1psulas (528 mg)<\/th>\n<th>Cantidad por 3 c\u00e1psulas (792 mg)<\/th>\n<\/tr>\n<\/thead>\n<tbody>\n<tr>\n<td>Coenzima Q10 (ubiquinona-10)<\/td>\n<td>200 mg<\/td>\n<td>300 mg<\/td>\n<\/tr>\n<\/tbody>\n<\/table>\n\t<div id=\"gap-1646513881\" class=\"gap-element clearfix\" style=\"display:block; height:auto;\">\n\t\t\n<style>\n#gap-1646513881 {\n  padding-top: 30px;\n}\n<\/style>\n\t<\/div>\n\t\n<p><b><strong>&#x1f9ea; <\/strong>Ingredientes:\u00a0<\/b>Coenzima Q10 (ubiquinona-10), celulosa microcristalina (agente de carga), prote\u00edna de guisante, di\u00f3xido de silicio y estearato de magnesio vegetal (antiaglomerantes), c\u00e1psula vegetal (agente de recubrimiento: celulosa vegetal; humectante: agua purificada). <b>No contiene:<\/b> Agentes conservantes, arom\u00e1ticos ni colorantes, az\u00facar, leche o sus derivados, almid\u00f3n, trigo, levaduras, c\u00edtricos, soja o huevos.<\/p>\n<p><strong>&#x2705; Dosis diaria recomendada:<\/strong> 1 c\u00e1psula dos o tres veces al d\u00eda. <strong>Modo de empleo: <\/strong>Tomar en ayunas por las ma\u00f1anas.<\/p>\n<div class=\"uk-grid-margin uk-first-column\">\n<div class=\"uk-card uk-card-small\">\n<div class=\"uk-card-body\">\n<p><strong> &#x1f469;&#x200d;&#x2695;&#xfe0f; <\/strong>En caso de embarazo o lactancia consultar con el profesional. Consultar con el profesional antes de tomar este producto si est\u00e1 en tratamiento con medicaci\u00f3n, especialmente con terapia antihipertensiva o anticoagulantes.<\/p>\n<\/div>\n<\/div>\n<\/div>\n<div class=\"uk-grid-margin uk-first-column\">\n<div class=\"uk-card uk-card-small\">\n<div class=\"uk-card-body\">\n<p>\n\t<div id=\"gap-266231179\" class=\"gap-element clearfix\" style=\"display:block; height:auto;\">\n\t\t\n<style>\n#gap-266231179 {\n  padding-top: 30px;\n}\n<\/style>\n\t<\/div>\n\t\n\n<h3><span style=\"font-size: 90%;\">&#x26a0;&#xfe0f; <strong>Advertencias<\/strong><\/span><\/h3>\n<p><strong>&#x1f6ab; No superar<\/strong> la dosis diaria expresamente recomendada.<br \/>&#x1f476; <strong>Mantener fuera del alcance<\/strong> de los ni\u00f1os m\u00e1s peque\u00f1os.<br \/>&#x1f957; <strong>Los complementos alimenticios<\/strong> no deben utilizarse como sustitutos de una dieta equilibrada y variada ni un modo de vida sano.<br \/>&#x2744;&#xfe0f; <strong>Almacene en un lugar fresco, seco y alejado de la luz solar directa.<\/strong><br \/>&#x1f512; <strong>No use este producto<\/strong> si el sello de seguridad est\u00e1 roto o falta.<\/p>\n<\/div>\n<\/div>\n<\/div>\n","protected":false},"excerpt":{"rendered":"<p>&#x2728; <strong>Co-Enzyma Q10 Retard.<\/strong> Emulsi\u00f3n de <strong>Coenzima Q10<\/strong> o <strong>ubiquinona<\/strong> (<strong>100 mg\/c\u00e1p<\/strong>) combinada con <strong>prote\u00edna de guisante<\/strong>, libre de <strong>OGM<\/strong> (organismos gen\u00e9ticamente modificados) <strong>que proporciona una mayor biodisponibilidad, maximizando su eficacia.<\/strong><\/p>\n","protected":false},"featured_media":44309,"template":"","meta":{"_daextinma_seo_power":"","_daextinma_enable_ail":""},"product_brand":[139],"product_cat":[131],"product_tag":[134],"class_list":{"0":"post-44305","1":"product","2":"type-product","3":"status-publish","4":"has-post-thumbnail","6":"product_brand-suravitasan","7":"product_cat-antioxidante-detoxificacion","8":"product_tag-suravitasan","10":"first","11":"instock","12":"taxable","13":"shipping-taxable","14":"purchasable","15":"product-type-variable","16":"has-default-attributes"},"_links":{"self":[{"href":"https:\/\/vibefarma.com\/mx\/wp-json\/wp\/v2\/product\/44305","targetHints":{"allow":["GET"]}}],"collection":[{"href":"https:\/\/vibefarma.com\/mx\/wp-json\/wp\/v2\/product"}],"about":[{"href":"https:\/\/vibefarma.com\/mx\/wp-json\/wp\/v2\/types\/product"}],"wp:featuredmedia":[{"embeddable":true,"href":"https:\/\/vibefarma.com\/mx\/wp-json\/wp\/v2\/media\/44309"}],"wp:attachment":[{"href":"https:\/\/vibefarma.com\/mx\/wp-json\/wp\/v2\/media?parent=44305"}],"wp:term":[{"taxonomy":"product_brand","embeddable":true,"href":"https:\/\/vibefarma.com\/mx\/wp-json\/wp\/v2\/product_brand?post=44305"},{"taxonomy":"product_cat","embeddable":true,"href":"https:\/\/vibefarma.com\/mx\/wp-json\/wp\/v2\/product_cat?post=44305"},{"taxonomy":"product_tag","embeddable":true,"href":"https:\/\/vibefarma.com\/mx\/wp-json\/wp\/v2\/product_tag?post=44305"}],"curies":[{"name":"wp","href":"https:\/\/api.w.org\/{rel}","templated":true}]}}