{"id":43607,"date":"2024-10-16T11:24:24","date_gmt":"2024-10-16T09:24:24","guid":{"rendered":"https:\/\/vibefarma.com\/mx\/?post_type=product&#038;p=43607"},"modified":"2025-06-25T12:30:53","modified_gmt":"2025-06-25T10:30:53","slug":"zinc-selection","status":"publish","type":"product","link":"https:\/\/vibefarma.com\/mx\/tienda\/zinc-selection\/","title":{"rendered":"Zinc Selection"},"content":{"rendered":"<h2><span style=\"font-size: 90%;\"><span style=\"color: #555555;\">&#x1f31f;<\/span> <strong>Zinc Selection<\/strong> de Vibefarma<\/span><\/h2>\n<p>&#x1f48a; <strong>15 mg de Bisglicinato de Zinc<\/strong>, la forma m\u00e1s biodisponible, apoya el <strong>equilibrio \u00e1cido-base<\/strong>, el <strong>metabolismo de macronutrientes<\/strong> y la <strong>s\u00edntesis de ADN y prote\u00ednas<\/strong>. Contribuye a la <strong>funci\u00f3n cognitiva<\/strong>, la <strong>fertilidad<\/strong>, la <strong>reproducci\u00f3n<\/strong> y los niveles normales de <strong>testosterona<\/strong> &#x1f4aa;. Ayuda a mantener <strong>huesos, cabello, u\u00f1as, piel y visi\u00f3n saludables<\/strong>, refuerza el sistema inmunitario &#x1f6e1;&#xfe0f; y protege las c\u00e9lulas del <strong>da\u00f1o oxidativo<\/strong>. &#x1f31f;<\/p>\n\t<div id=\"gap-665262866\" class=\"gap-element clearfix\" style=\"display:block; height:auto;\">\n\t\t\n<style>\n#gap-665262866 {\n  padding-top: 30px;\n}\n<\/style>\n\t<\/div>\n\t\n<div class=\"row row-full-width align-equal\"  id=\"row-1021437775\">\n\n\t<div id=\"col-416352705\" class=\"col small-12 large-12\"  >\n\t\t\t\t<div class=\"col-inner text-left\"  >\n\t\t\t\n\t\t\t\n\t<div id=\"text-3176897080\" class=\"text\">\n\t\t\n<h3><span style=\"font-size: 90%;\"><strong>&#x1f44d; <\/strong><\/span><span style=\"font-size: 90%;\"><strong>Beneficios del Zinc Selection de Vibefarma<\/strong><\/span><\/h3>\n<p>El zinc contribuye al funcionamiento normal del sistema inmunitario y a la protecci\u00f3n de las c\u00e9lulas frente al\u00a0<strong>da\u00f1o oxidativo<\/strong>; a la\u00a0<strong>fertilidad<\/strong>\u00a0y\u00a0<strong>reproducci\u00f3n<\/strong> normal y al mantenimiento de niveles normales de testosterona; y al mantenimiento del cabello. <em>&#x1f52c; Declaraciones saludables (Reglamento UE N\u00ba432\/2012):<\/em><\/p>\n\t\t\n<style>\n#text-3176897080 {\n  color: #004a52;\n}\n#text-3176897080 > * {\n  color: #004a52;\n}\n<\/style>\n\t<\/div>\n\t\n\t\t<\/div>\n\t\t\t\t\t<\/div>\n\n\t\n\n<style>\n#row-1021437775 > .col > .col-inner {\n  padding: 5% 5% 5% 5%;\n  background-color: #f4f1dc;\n  border-radius: 25px;\n}\n<\/style>\n<\/div>\n\t<div id=\"gap-1652129888\" class=\"gap-element clearfix\" style=\"display:block; height:auto;\">\n\t\t\n<style>\n#gap-1652129888 {\n  padding-top: 30px;\n}\n<\/style>\n\t<\/div>\n\t\n<h3>&#x26a1; <strong><span style=\"font-size: 90%;\">Composici\u00f3n e ingredientes<\/span><\/strong><\/h3>\n<table>\n<thead>\n<tr>\n<th>Composici\u00f3n por 1 c\u00e1psula<\/th>\n<th>Cantidad<\/th>\n<th>% VRN<\/th>\n<\/tr>\n<\/thead>\n<tbody>\n<tr>\n<td>Bisglicinato de Zinc<\/td>\n<td>15 mg<\/td>\n<td>150%<\/td>\n<\/tr>\n<\/tbody>\n<\/table>\n<p><span style=\"font-size: 85%;\">*VRN: Valores de Referencia de Nutrientes para vitaminas y minerales.<\/span><\/p>\n\t<div id=\"gap-1388998078\" class=\"gap-element clearfix\" style=\"display:block; height:auto;\">\n\t\t\n<style>\n#gap-1388998078 {\n  padding-top: 30px;\n}\n<\/style>\n\t<\/div>\n\t\n<p><strong>&#x1f9ea; Ingredientes:<\/strong>\u00a0Agente de carga (celulosa microcristalina), c\u00e1psula (agente de recubrimiento: pululano) y bisglicinato de zinc. <strong>Al\u00e9rgenos:<\/strong> No contiene.<\/p>\n<p><strong>&#x2705; Dosis diaria recomendada:<\/strong> 1 c\u00e1psula. <strong>Modo de empleo:<\/strong> Tomar 1 c\u00e1psula al d\u00eda.<\/p>\n<p>\n\t<div id=\"gap-1656118864\" class=\"gap-element clearfix\" style=\"display:block; height:auto;\">\n\t\t\n<style>\n#gap-1656118864 {\n  padding-top: 30px;\n}\n<\/style>\n\t<\/div>\n\t\n\n<h3><span style=\"font-size: 90%;\">&#x26a0;&#xfe0f; <strong>Advertencias<\/strong><\/span><\/h3>\n<p><strong>&#x1f6ab; No superar<\/strong> la dosis diaria expresamente recomendada.<br \/>&#x1f476; <strong>Mantener fuera del alcance<\/strong> de los ni\u00f1os m\u00e1s peque\u00f1os.<br \/>&#x1f957; <strong>Los complementos alimenticios<\/strong> no deben utilizarse como sustitutos de una dieta equilibrada y variada ni un modo de vida sano.<br \/>&#x2744;&#xfe0f; <strong>Almacene en un lugar fresco, seco y alejado de la luz solar directa.<\/strong><br \/>&#x1f512; <strong>No use este producto<\/strong> si el sello de seguridad est\u00e1 roto o falta.<\/p>\n","protected":false},"excerpt":{"rendered":"<p>&#x1f48a; <strong>15 mg de Bisglicinato de Zinc<\/strong>, la forma m\u00e1s biodisponible, apoya el <strong>equilibrio \u00e1cido-base<\/strong>, el <strong>metabolismo de macronutrientes<\/strong> y la <strong>s\u00edntesis de ADN y prote\u00ednas<\/strong>. Contribuye a la <strong>funci\u00f3n cognitiva<\/strong>, la <strong>fertilidad<\/strong>, la <strong>reproducci\u00f3n<\/strong> y los niveles normales de <strong>testosterona<\/strong> &#x1f4aa;. Ayuda a mantener <strong>huesos, cabello, u\u00f1as, piel y visi\u00f3n saludables<\/strong>, refuerza el sistema inmunitario &#x1f6e1;&#xfe0f; y protege las c\u00e9lulas del <strong>da\u00f1o oxidativo<\/strong>. &#x1f31f;<\/p>\n","protected":false},"featured_media":44025,"template":"","meta":{"_daextinma_seo_power":"","_daextinma_enable_ail":""},"product_brand":[140],"product_cat":[49],"product_tag":[128],"class_list":{"0":"post-43607","1":"product","2":"type-product","3":"status-publish","4":"has-post-thumbnail","6":"product_brand-vibefarma","7":"product_cat-suplementos-vitaminas","8":"product_tag-selection","10":"first","11":"instock","12":"featured","13":"taxable","14":"shipping-taxable","15":"purchasable","16":"product-type-variable","17":"has-default-attributes"},"_links":{"self":[{"href":"https:\/\/vibefarma.com\/mx\/wp-json\/wp\/v2\/product\/43607","targetHints":{"allow":["GET"]}}],"collection":[{"href":"https:\/\/vibefarma.com\/mx\/wp-json\/wp\/v2\/product"}],"about":[{"href":"https:\/\/vibefarma.com\/mx\/wp-json\/wp\/v2\/types\/product"}],"wp:featuredmedia":[{"embeddable":true,"href":"https:\/\/vibefarma.com\/mx\/wp-json\/wp\/v2\/media\/44025"}],"wp:attachment":[{"href":"https:\/\/vibefarma.com\/mx\/wp-json\/wp\/v2\/media?parent=43607"}],"wp:term":[{"taxonomy":"product_brand","embeddable":true,"href":"https:\/\/vibefarma.com\/mx\/wp-json\/wp\/v2\/product_brand?post=43607"},{"taxonomy":"product_cat","embeddable":true,"href":"https:\/\/vibefarma.com\/mx\/wp-json\/wp\/v2\/product_cat?post=43607"},{"taxonomy":"product_tag","embeddable":true,"href":"https:\/\/vibefarma.com\/mx\/wp-json\/wp\/v2\/product_tag?post=43607"}],"curies":[{"name":"wp","href":"https:\/\/api.w.org\/{rel}","templated":true}]}}