{"id":12190,"date":"2022-12-20T04:40:00","date_gmt":"2022-12-20T04:40:00","guid":{"rendered":"https:\/\/vibefarma.com\/mx\/?post_type=product&#038;p=12190"},"modified":"2025-06-25T12:30:54","modified_gmt":"2025-06-25T10:30:54","slug":"omega-3-pro","status":"publish","type":"product","link":"https:\/\/vibefarma.com\/mx\/tienda\/omega-3-pro\/","title":{"rendered":"Omega 3 Pro"},"content":{"rendered":"<h2><span style=\"font-size: 90%;\">&#x1f41f;&#x26a1; Omega 3 Pro de Vibefarma<\/span><\/h2>\n<p>El Omega 3 Pro de Vibefarma (antes Omega 3 Pro TG4832) es un <strong>complemento alimenticio a base de Omega 3 en forma de triglic\u00e9rido natural<\/strong> con un m\u00ednimo del 85% de EPA y DHA, <strong>proporcionando al menos 480 mg de EPA y 320 mg de DHA por c\u00e1psula. La c\u00e1psula es ent\u00e9rica, lo cual mejora la absorci\u00f3n al liberar el contenido en el intestino<\/strong> y evita las regurgitaciones. Adem\u00e1s, <strong>est\u00e1 garantizada la pureza y calidad<\/strong> al estar libre de metales pesados y t\u00f3xicos, <strong>con certificaciones IFOS&#x2122; y sello GOED Omega 3&#x2122;.<\/strong><\/p>\n<p>Este complemento es esencial para una dieta saludable y balanceada y, particularmente, nuestro Omega 3 pro es <strong>ideal para personas con enfermedad inflamatoria intestinal (EII); crohn, colitis ulcerosa y problemas digestivos<\/strong> que buscan mejorar su ingesta de \u00e1cidos grasos Omega 3.<\/p>\n\t<div id=\"gap-418983694\" class=\"gap-element clearfix\" style=\"display:block; height:auto;\">\n\t\t\n<style>\n#gap-418983694 {\n  padding-top: 30px;\n}\n<\/style>\n\t<\/div>\n\t\n<div class=\"row row-small row-full-width\"  id=\"row-1893252880\">\n\n\t<div id=\"col-484668627\" class=\"col small-12 large-12\"  >\n\t\t\t\t<div class=\"col-inner\" style=\"background-color:#f0f6f9;\" >\n\t\t\t\n\t\t\t\n<h3><span style=\"font-size: 90%;\">&#x2705; Libre de metales pesados y t\u00f3xicos, <strong>Certificado IFOS&#x2122; y sello GOED Omega 3<\/strong><strong>&#x2122;<\/strong><\/span><\/h3>\n<p><strong>Nuestro Omega 3 Pro cuenta con el sello de excelencia IFOS&#x2122;<\/strong> que garantiza que est\u00e1s consumiendo el mejor Omega 3 para tu salud y que, tras el an\u00e1lisis del producto terminado, asegura que <strong>cumple con las concentraci\u00f3n de EPA y DHA que marca en la etiqueta y sus resultados, en cuanto a contaminantes, est\u00e1n MUY por debajo de los l\u00edmites t\u00f3xicos y de metales pesados que se consideran seguros para el consumo humano<\/strong>, seg\u00fan las recomendaciones y los est\u00e1ndares establecidos por reconocidos organismos y autoridades como son la EFSA, el CRN y GOED Omega 3, entes encargados de velar por la salud de los consumidores a nivel mundial.<\/p>\n<p>Este <strong>suplemento de Omega 3 es una elecci\u00f3n perfecta para aquellos que buscan mejorar su salud y bienestar.<\/strong> Con su alta concentraci\u00f3n de Omega 3 y tecnolog\u00eda de liberaci\u00f3n prolongada, podr\u00e1s obtener todos los beneficios que el Omega 3 tiene para ofrecer, <strong>sin preocuparte por las molestias de las regurgitaciones<\/strong>. No pierdas m\u00e1s tiempo, mejora tu salud y bienestar con Omega 3 Pro de Vibefarma. Haz tu pedido hoy mismo y empieza a disfrutar de todos los beneficios que el Omega 3 tiene para ofrecer.<\/p>\n<a href=\"https:\/\/certifications.nutrasource.ca\/certified-products\/product?id=VINU0001\" target=\"_blank\" class=\"button secondary\" rel=\"noopener\">\n\t\t<span>Ver Certificado IFOS&#x2122;<\/span>\n\t<\/a>\n\n\t\t<\/div>\n\t\t\t\t\n<style>\n#col-484668627 > .col-inner {\n  padding: 5% 5% 5% 5%;\n}\n<\/style>\n\t<\/div>\n\n\t\n\n<style>\n#row-1893252880 > .col > .col-inner {\n  background-color: #f8fcff;\n  border-radius: 25px;\n}\n<\/style>\n<\/div>\n<div class=\"row row-small row-full-width align-equal align-center\"  id=\"row-560286882\">\n\n\t<div id=\"col-102118893\" class=\"col medium-7 small-12 large-7\"  >\n\t\t\t\t<div class=\"col-inner text-left\" style=\"background-color:rgb(244, 241, 220);\" >\n\t\t\t\n\t\t\t\n<h3><span style=\"font-size: 90%;\"><strong>&#x1f44d; <\/strong>Beneficios del Omega 3<\/span><\/h3>\n<p><strong>Los \u00e1cidos grasos Omega 3 son esenciales para el cuerpo<\/strong>, ya que forman parte de las membranas celulares y la estructura del cerebro. Tomarlos diariamente en las cantidades adecuadas <strong>contribuye al mantenimiento de la funci\u00f3n normal del coraz\u00f3n, el cerebro y la vista.<\/strong> Reconocido por la ciencia por su importancia en la salud, el Omega 3 es un nutriente esencial para tener una dieta saludable y equilibrada.<\/p>\n<p><i class=\"ri-shield-check-line\"><\/i> El EPA (\u00c1cido Eicosapentanoicio) y DHA <strong>contribuyen a la funci\u00f3n normal del coraz\u00f3n*.<\/strong><br \/>\n<i class=\"ri-shield-check-line\"><\/i> El DHA (\u00c1cido Docosahexaenoico) <strong>contribuye al mantenimiento de la funci\u00f3n cerebral normal*.<\/strong><br \/>\n<i class=\"ri-shield-check-line\"><\/i> El DHA\u00a0<strong>contribuye al mantenimiento de la visi\u00f3n normal*<\/strong><\/p>\n<p><span style=\"font-size: 75%;\">*Referencia: Comisi\u00f3n Europea (EC) No 1924\/2006 de 20 de diciembre de 2006, relativa a las declaraciones de propiedades saludables de los alimentos.<\/span><\/p>\n\t\t<\/div>\n\t\t\t\t\t<\/div>\n\n\t\n\n\t<div id=\"col-1655080719\" class=\"col medium-5 small-12 large-5\"  >\n\t\t\t\t<div class=\"col-inner text-left\" style=\"background-color:#d2ffd2;\" >\n\t\t\t\n\t\t\t\n<h3><span style=\"font-size: 90%;\"><span style=\"color: #333333;\">&#x1f31f; <\/span><span style=\"color: #333333;\">Caracter\u00edsticas del Omega 3 Pro<\/span><\/span><\/h3>\n<p><i class=\"ri-checkbox-circle-fill\"><\/i><strong>Aceite de pescado purificado<\/strong><br \/>\n<i class=\"ri-checkbox-circle-fill\"><\/i> <strong>Alto contenido en Omega 3<\/strong>, con un m\u00ednimo del 85% en forma de triglic\u00e9rido<br \/>\n<i class=\"ri-checkbox-circle-fill\"><\/i> Asegurados <strong>480 mg de EPA y 320 mg de DHA por c\u00e1psula.<\/strong> (Ratio 3:2)<br \/>\n<i class=\"ri-checkbox-circle-fill\"><\/i> <strong>C\u00e1psula ent\u00e9rica DELASOL\u00ae<\/strong>\u00a0de liberaci\u00f3n prolongada<br \/>\n<i class=\"ri-checkbox-circle-fill\"><\/i> Libre de metales pesados y t\u00f3xicos, <strong>Certificado IFOS&#x2122; y sello GOED Omega 3<\/strong><\/p>\n\t\t<\/div>\n\t\t\t\t\t<\/div>\n\n\t\n\n<style>\n#row-560286882 > .col > .col-inner {\n  padding: 8% 8% 8% 8%;\n  border-radius: 25px;\n}\n<\/style>\n<\/div>\n<div class=\"row row-small row-full-width align-equal align-center\"  id=\"row-1093798113\">\n\n\t<div id=\"col-1235220376\" class=\"col medium-5 small-12 large-4\"  >\n\t\t\t\t<div class=\"col-inner text-left\" style=\"background-color:#f0f6f9;\" >\n\t\t\t\n\t\t\t\n\t<div id=\"text-685803719\" class=\"text\">\n\t\t\n<h3><span style=\"font-size: 90%;\">&#x1f50b; Alto contenido en Omega 3, min. 85%<\/span><\/h3>\n<p>Gracias al proceso de grado farmac\u00e9utico utilizado durante toda la fabricaci\u00f3n, se puede alcanzar una <strong>alta concentraci\u00f3n de omega-3, con al menos un 85% de \u00e1cidos grasos esenciales.<\/strong> Adem\u00e1s, al contener <strong>niveles elevados de EPA y DHA, espec\u00edficamente 480 y 320 respectivamente,<\/strong> el Omega 3 Pro es considerado superior a la mayor\u00eda de los suplementos de omega-3 en el mercado, lo que atrae a m\u00e9dicos y especialistas en medicina biol\u00f3gica para su uso en tratamientos.<\/p>\n\t\t\n<style>\n#text-685803719 {\n  color: #004a52;\n}\n#text-685803719 > * {\n  color: #004a52;\n}\n<\/style>\n\t<\/div>\n\t\n\t\t<\/div>\n\t\t\t\t\t<\/div>\n\n\t\n\n\t<div id=\"col-973191983\" class=\"col medium-7 small-12 large-8\"  >\n\t\t\t\t<div class=\"col-inner text-left\" style=\"background-color:#f5df85;\" >\n\t\t\t\n\t\t\t\n\t<div id=\"text-1106339377\" class=\"text\">\n\t\t\n<h3><span style=\"font-size: 90%;\">&#x1f48a; C\u00e1psula ent\u00e9rica DELASOL\u00ae de liberaci\u00f3n prolongada<\/span><\/h3>\n<p><strong>Nuestro Omega 3 Pro de vibefarma tiene dos caracter\u00edsticas en el encapsulado pensadas por y para el bienestar de nuestros consumidores<\/strong> que las c\u00e1psulas de gelatina convencionales no ofrecen. De hecho, la soluci\u00f3n que algunas marcas utilizaban hasta ahora es el uso de un recubrimiento insoluble en \u00e1cido sobre una c\u00e1psula blanda que le daba a la c\u00e1psula una apariencia opaca.<\/p>\n<p>Ahora, nuestra c\u00e1psula ent\u00e9rica de \u00faltima generaci\u00f3n tiene un aspecto de \u201cc\u00e1psula normal\u201d pero con la ventaja y singularidad de que <strong>no empieza liberar su contenido hasta que se ajusta con el pH de los fluidos intestinales,<\/strong> lo va haciendo muy poco a poco tardando una media de dos horas. Resultado.<\/p>\n<p><i class=\"ri-check-double-line\"><\/i> Evitamos la regurgitaci\u00f3n y el molesto regusto a pescado y<br \/>\n<i class=\"ri-check-double-line\"><\/i> Mejoramos la absorci\u00f3n y la efectividad del aceite, tal y como muestran los estudios. Mejor en el intestino que en el est\u00f3mago.<\/p>\n\t\t\n<style>\n#text-1106339377 {\n  color: #004a52;\n}\n#text-1106339377 > * {\n  color: #004a52;\n}\n<\/style>\n\t<\/div>\n\t\n\t\t<\/div>\n\t\t\t\t\t<\/div>\n\n\t\n\n<style>\n#row-1093798113 > .col > .col-inner {\n  padding: 8% 8% 8% 8%;\n  border-radius: 25px;\n}\n@media (min-width:550px) {\n  #row-1093798113 > .col > .col-inner {\n    padding: 8% 8% 8% 8%;\n  }\n}\n<\/style>\n<\/div>\n\t<div id=\"gap-656939917\" class=\"gap-element clearfix\" style=\"display:block; height:auto;\">\n\t\t\n<style>\n#gap-656939917 {\n  padding-top: 30px;\n}\n<\/style>\n\t<\/div>\n\t\n<h3><span style=\"font-size: 90%;\">&#x1f41f; Aceite de pescado purificado de Grado Farmac\u00e9utico.<\/span><\/h3>\n<p>Para la fabricaci\u00f3n de este aceite son <strong>utilizados pescados peque\u00f1os como la caballa, sardina y la anchoa,<\/strong> que son capturados en la corriente de Humboldt, en las costas de Per\u00fa y Chile. Los peces peque\u00f1os tienen menos posibilidades de acumular metales pesados y t\u00f3xicos en su organismo al estar al inicio de la cadena alimentaria.<\/p>\n<p><strong>El aceite de pescado es sometido a un exigente proceso de grado farmac\u00e9utico que combina las tecnolog\u00edas m\u00e1s avanzadas en la industria de los l\u00edpidos<\/strong> como la destilaci\u00f3n molecular y la concentraci\u00f3n supercr\u00edtica con CO2 para separar los \u00e1cidos grasos Omega-3 del resto de los \u00e1cidos grasos. El proceso enzim\u00e1tico para reconstituir la forma de triglic\u00e9ridos naturales para una mejor absorci\u00f3n por parte de nuestro organismo, la purga de nitr\u00f3geno para eliminaci\u00f3n de metales pesados, PCBs, dioxinas y otros contaminantes, y la desodorizaci\u00f3n, para elimina el olor y sabor residual.<\/p>\n\t<div id=\"gap-31184648\" class=\"gap-element clearfix\" style=\"display:block; height:auto;\">\n\t\t\n<style>\n#gap-31184648 {\n  padding-top: 30px;\n}\n<\/style>\n\t<\/div>\n\t\n<h3>&#x26a1; <strong><span style=\"font-size: 90%;\">Composici\u00f3n e ingredientes<\/span><\/strong><\/h3>\n<p>Composici\u00f3n por 1 c\u00e1psula<\/p>\n<table style=\"width: 100%;\" border=\"0\" cellspacing=\"0\" cellpadding=\"0\">\n<tbody>\n<tr>\n<td><strong>Aceite de pescado purificado<\/strong><\/td>\n<td><\/td>\n<td><strong>1000 mg<\/strong><\/td>\n<\/tr>\n<tr>\n<td>&#8211; Omega 3 min. 85% (triglic\u00e9rido)<\/td>\n<td><\/td>\n<td>850 mg<\/td>\n<\/tr>\n<tr>\n<td><em>de los cuales:<\/em><\/td>\n<td><\/td>\n<td><\/td>\n<\/tr>\n<tr>\n<td>&#8211; EPA (\u00c1cido Eicosapentanoico) (48%)<\/td>\n<td><\/td>\n<td>480 mg<\/td>\n<\/tr>\n<tr>\n<td>&#8211; DHA (\u00c1cido Docosahexaenoico) (32%)<\/td>\n<td><\/td>\n<td>320 mg<\/td>\n<\/tr>\n<\/tbody>\n<\/table>\n<p>&nbsp;<\/p>\n<p><strong><span class=\"OYPEnA font-feature-liga-off font-feature-clig-off font-feature-calt-off text-decoration-none text-strikethrough-none\">&#x1f9ea; <\/span>Ingredientes:<\/strong> Aceite de pescado purificado (48% EPA y 32% DHA), antioxidante (alfa tocoferol). Perla: DELASOL\u00ae* gelatina, pectina, humectantes (sorbitol y glicerina vegetal), agua purificada. <strong>Al\u00e9rgenos:<\/strong> Contiene pescado. Sin Gluten, Sin Lactosa.<\/p>\n<p><strong><span class=\"OYPEnA font-feature-liga-off font-feature-clig-off font-feature-calt-off text-decoration-none text-strikethrough-none\">&#x2705; <\/span>Dosis diaria recomendada:<\/strong> 1 c\u00e1psula. <strong>Modo de empleo:<\/strong> Adultos tomar 1 c\u00e1psula al d\u00eda.<\/p>\n<p>\n\t<div id=\"gap-1541869291\" class=\"gap-element clearfix\" style=\"display:block; height:auto;\">\n\t\t\n<style>\n#gap-1541869291 {\n  padding-top: 30px;\n}\n<\/style>\n\t<\/div>\n\t\n\n<h3><span style=\"font-size: 90%;\">&#x26a0;&#xfe0f; <strong>Advertencias<\/strong><\/span><\/h3>\n<p><strong>&#x1f6ab; No superar<\/strong> la dosis diaria expresamente recomendada.<br \/>&#x1f476; <strong>Mantener fuera del alcance<\/strong> de los ni\u00f1os m\u00e1s peque\u00f1os.<br \/>&#x1f957; <strong>Los complementos alimenticios<\/strong> no deben utilizarse como sustitutos de una dieta equilibrada y variada ni un modo de vida sano.<br \/>&#x2744;&#xfe0f; <strong>Almacene en un lugar fresco, seco y alejado de la luz solar directa.<\/strong><br \/>&#x1f512; <strong>No use este producto<\/strong> si el sello de seguridad est\u00e1 roto o falta.<\/p>\n","protected":false},"excerpt":{"rendered":"<p><strong>&#x1f41f;&#x26a1;El Omega 3 m\u00e1s concentrado. Aceite de pescado purificado<\/strong> en forma de <strong>triglic\u00e9rido natural (TG)<\/strong>, con un m\u00ednimo del <strong>85% de Omega 3<\/strong>, proporcionando <strong>480 mg de EPA<\/strong> y <strong>320 mg de DHA<\/strong> por c\u00e1psula &#x1f48a;. Formulado con <strong>c\u00e1psulas ent\u00e9ricas DELASOL\u00ae<\/strong>, de <strong>liberaci\u00f3n prolongada<\/strong> para una <strong>mejor absorci\u00f3n<\/strong> y sin regurgitaciones, gracias a la tecnolog\u00eda farmac\u00e9utica aplicada. Adem\u00e1s, es <strong>libre de metales pesados y t\u00f3xicos<\/strong>, respaldado por el <strong>Certificado IFOS&#x2122;<\/strong> y el <strong>sello GOED Omega 3&#x2122;<\/strong>. &#x1f31f;<\/p>\n","protected":false},"featured_media":12504,"template":"","meta":{"_daextinma_seo_power":"","_daextinma_enable_ail":""},"product_brand":[140],"product_cat":[20],"product_tag":[127],"class_list":{"0":"post-12190","1":"product","2":"type-product","3":"status-publish","4":"has-post-thumbnail","6":"product_brand-vibefarma","7":"product_cat-omega-3-ifos-certificado","8":"product_tag-pro","10":"first","11":"instock","12":"taxable","13":"shipping-taxable","14":"purchasable","15":"product-type-variable","16":"has-default-attributes"},"_links":{"self":[{"href":"https:\/\/vibefarma.com\/mx\/wp-json\/wp\/v2\/product\/12190","targetHints":{"allow":["GET"]}}],"collection":[{"href":"https:\/\/vibefarma.com\/mx\/wp-json\/wp\/v2\/product"}],"about":[{"href":"https:\/\/vibefarma.com\/mx\/wp-json\/wp\/v2\/types\/product"}],"wp:featuredmedia":[{"embeddable":true,"href":"https:\/\/vibefarma.com\/mx\/wp-json\/wp\/v2\/media\/12504"}],"wp:attachment":[{"href":"https:\/\/vibefarma.com\/mx\/wp-json\/wp\/v2\/media?parent=12190"}],"wp:term":[{"taxonomy":"product_brand","embeddable":true,"href":"https:\/\/vibefarma.com\/mx\/wp-json\/wp\/v2\/product_brand?post=12190"},{"taxonomy":"product_cat","embeddable":true,"href":"https:\/\/vibefarma.com\/mx\/wp-json\/wp\/v2\/product_cat?post=12190"},{"taxonomy":"product_tag","embeddable":true,"href":"https:\/\/vibefarma.com\/mx\/wp-json\/wp\/v2\/product_tag?post=12190"}],"curies":[{"name":"wp","href":"https:\/\/api.w.org\/{rel}","templated":true}]}}