{"id":46177,"date":"2025-01-06T23:43:34","date_gmt":"2025-01-06T22:43:34","guid":{"rendered":"https:\/\/vibefarma.com\/mx\/?page_id=46177"},"modified":"2025-02-07T19:12:49","modified_gmt":"2025-02-07T18:12:49","slug":"cuidar-vista","status":"publish","type":"page","link":"https:\/\/vibefarma.com\/mx\/objetivo\/cuidar-vista\/","title":{"rendered":"&#x1f441;&#xfe0f; Ojos | Cuida tu vista"},"content":{"rendered":"\t<div id=\"gap-508392160\" class=\"gap-element clearfix\" style=\"display:block; height:auto;\">\n\t\t\n<style>\n#gap-508392160 {\n  padding-top: 30px;\n}\n<\/style>\n\t<\/div>\n\t\n\n\t<section class=\"section\" id=\"section_1752470933\">\n\t\t<div class=\"section-bg fill\" >\n\t\t\t\t\t\t\t\t\t\n\t\t\t\n\n\t\t<\/div>\n\n\t\t\n\n\t\t<div class=\"section-content relative\">\n\t\t\t\n<div class=\"row align-center\"  id=\"row-981937312\">\n\n\t<div id=\"col-1964192439\" class=\"col medium-9 small-12 large-8\"  >\n\t\t\t\t<div class=\"col-inner text-center\"  >\n\t\t\t\n\t\t\t\n\t<div id=\"text-452267410\" class=\"text\">\n\t\t\n<h6><a href=\"\/\">Home<\/a> \u2022 OBJETIVO<\/h6>\n\t\t\n<style>\n#text-452267410 {\n  font-size: 0.8rem;\n}\n<\/style>\n\t<\/div>\n\t\n\t<div id=\"text-1300458503\" class=\"text\">\n\t\t\n<h1>&#x1f441;&#xfe0f; Ojos | Cuida tu vista<\/h1>\n\t\t\n<style>\n#text-1300458503 {\n  font-size: 1.5rem;\n}\n<\/style>\n\t<\/div>\n\t\n<p>Protege tu visi\u00f3n &#x1f441;&#xfe0f;. Descubre opciones dise\u00f1adas para mantener la salud ocular en todas las etapas de tu vida &#x1f453;&#x1f31e;.<\/p>\n\t\t<\/div>\n\t\t\t\t\t<\/div>\n\n\t\n<\/div>\n\t\t<\/div>\n\n\t\t\n<style>\n#section_1752470933 {\n  padding-top: 5px;\n  padding-bottom: 5px;\n  background-color: rgb(255,255,255);\n}\n<\/style>\n\t<\/section>\n\t\n<div class=\"is-divider divider clearfix\" style=\"margin-top:1.0px;margin-bottom:1.0px;max-width:100%;height:1px;background-color:rgb(237, 237, 237);\"><\/div>\n\t<div id=\"gap-687486767\" class=\"gap-element clearfix\" style=\"display:block; height:auto;\">\n\t\t\n<style>\n#gap-687486767 {\n  padding-top: 30px;\n}\n<\/style>\n\t<\/div>\n\t\n\n\t<section class=\"section\" id=\"section_87032076\">\n\t\t<div class=\"section-bg fill\" >\n\t\t\t\t\t\t\t\t\t\n\t\t\t\n\n\t\t<\/div>\n\n\t\t\n\n\t\t<div class=\"section-content relative\">\n\t\t\t\n<div class=\"row row-collapse\"  id=\"row-720153656\">\n\n\t<div id=\"col-1786748502\" class=\"col small-12 large-12\"  >\n\t\t\t\t<div class=\"col-inner\"  >\n\t\t\t\n\t\t\t\n\t\n  \n    <div class=\"row  equalize-box large-columns-5 medium-columns-3 small-columns-2 row-xsmall\" >\n  \n\t     <div class=\"product-small col has-hover product type-product post-12506 status-publish first instock product_cat-omega-3-ifos-certificado product_tag-essentials has-post-thumbnail taxable shipping-taxable purchasable product-type-variable has-default-attributes\">\n\t<div class=\"col-inner\">\n\t\n<div class=\"badge-container absolute left top z-1\">\n\n<\/div>\n\t<div class=\"product-small box \">\n\t\t<div class=\"box-image\">\n\t\t\t<div class=\"image-zoom_in\">\n\t\t\t\t<a href=\"https:\/\/vibefarma.com\/mx\/tienda\/omega-3-con-vitamina-d-essentials\/\">\n\t\t\t\t\t<img loading=\"lazy\" decoding=\"async\" width=\"350\" height=\"435\" src=\"https:\/\/vibefarma.com\/mx\/wp-content\/uploads\/2023\/01\/omega-3-essentials60-vibefarma-350x435.jpg\" class=\"attachment-woocommerce_thumbnail size-woocommerce_thumbnail\" alt=\"omega 3 con vitamina d\" srcset=\"https:\/\/vibefarma.com\/mx\/wp-content\/uploads\/2023\/01\/omega-3-essentials60-vibefarma-350x435.jpg 350w, https:\/\/vibefarma.com\/mx\/wp-content\/uploads\/2023\/01\/omega-3-essentials60-vibefarma-595x739.jpg 595w, https:\/\/vibefarma.com\/mx\/wp-content\/uploads\/2023\/01\/omega-3-essentials60-vibefarma-242x300.jpg 242w, https:\/\/vibefarma.com\/mx\/wp-content\/uploads\/2023\/01\/omega-3-essentials60-vibefarma-824x1024.jpg 824w, https:\/\/vibefarma.com\/mx\/wp-content\/uploads\/2023\/01\/omega-3-essentials60-vibefarma-768x954.jpg 768w, https:\/\/vibefarma.com\/mx\/wp-content\/uploads\/2023\/01\/omega-3-essentials60-vibefarma.jpg 1140w\" sizes=\"auto, (max-width: 350px) 100vw, 350px\" \/>\t\t\t\t<\/a>\n\t\t\t<\/div>\n\t\t\t<div class=\"image-tools is-small top right show-on-hover\">\n\t\t\t\t\t\t\t<\/div>\n\t\t\t<div class=\"image-tools is-small hide-for-small bottom left show-on-hover\">\n\t\t\t\t\t\t\t<\/div>\n\t\t\t<div class=\"image-tools grid-tools text-center hide-for-small bottom hover-slide-in show-on-hover\">\n\t\t\t\t\t\t\t<\/div>\n\t\t\t\t\t<\/div>\n\n\t\t<div class=\"box-text box-text-products\">\n\t\t\t<div class=\"title-wrapper\">\t\t<p class=\"category uppercase is-smaller no-text-overflow product-cat op-8\">\n\t\t\tOmega 3\t\t<\/p>\n\t<p class=\"name product-title woocommerce-loop-product__title\"><a href=\"https:\/\/vibefarma.com\/mx\/tienda\/omega-3-con-vitamina-d-essentials\/\" class=\"woocommerce-LoopProduct-link woocommerce-loop-product__link\">Omega 3 Essentials (con Vitamina D3)<\/a><\/p><\/div><div class=\"price-wrapper\">\n\t<span class=\"price\">Desde: <span class=\"woocommerce-Price-amount amount\"><bdi>19.00<span class=\"woocommerce-Price-currencySymbol\">&euro;<\/span><\/bdi><\/span><\/span>\n<\/div>\t\t<\/div>\n\t<\/div>\n\t<span class=\"gtm4wp_productdata\" style=\"display:none; visibility:hidden;\" data-gtm4wp_product_data=\"{&quot;internal_id&quot;:12506,&quot;item_id&quot;:12506,&quot;item_name&quot;:&quot;Omega 3 Essentials (con Vitamina D3)&quot;,&quot;sku&quot;:12506,&quot;price&quot;:19,&quot;stocklevel&quot;:null,&quot;stockstatus&quot;:&quot;instock&quot;,&quot;google_business_vertical&quot;:&quot;retail&quot;,&quot;item_category&quot;:&quot;Omega 3&quot;,&quot;id&quot;:12506,&quot;productlink&quot;:&quot;https:\\\/\\\/vibefarma.com\\\/mx\\\/tienda\\\/omega-3-con-vitamina-d-essentials\\\/&quot;,&quot;item_list_name&quot;:&quot;Lista general de productos&quot;,&quot;index&quot;:1,&quot;product_type&quot;:&quot;variable&quot;,&quot;item_brand&quot;:&quot;&quot;}\"><\/span>\t<\/div>\n<\/div><div class=\"product-small col has-hover product type-product post-43607 status-publish instock product_cat-suplementos-vitaminas product_tag-selection has-post-thumbnail featured taxable shipping-taxable purchasable product-type-variable has-default-attributes\">\n\t<div class=\"col-inner\">\n\t\n<div class=\"badge-container absolute left top z-1\">\n\n<\/div>\n\t<div class=\"product-small box \">\n\t\t<div class=\"box-image\">\n\t\t\t<div class=\"image-zoom_in\">\n\t\t\t\t<a href=\"https:\/\/vibefarma.com\/mx\/tienda\/zinc-selection\/\">\n\t\t\t\t\t<img loading=\"lazy\" decoding=\"async\" width=\"350\" height=\"435\" src=\"https:\/\/vibefarma.com\/mx\/wp-content\/uploads\/2024\/09\/zinc-selection-350x435.jpg\" class=\"attachment-woocommerce_thumbnail size-woocommerce_thumbnail\" alt=\"Zinc Selection\" srcset=\"https:\/\/vibefarma.com\/mx\/wp-content\/uploads\/2024\/09\/zinc-selection-350x435.jpg 350w, https:\/\/vibefarma.com\/mx\/wp-content\/uploads\/2024\/09\/zinc-selection-242x300.jpg 242w, https:\/\/vibefarma.com\/mx\/wp-content\/uploads\/2024\/09\/zinc-selection-510x633.jpg 510w, https:\/\/vibefarma.com\/mx\/wp-content\/uploads\/2024\/09\/zinc-selection.jpg 570w\" sizes=\"auto, (max-width: 350px) 100vw, 350px\" \/>\t\t\t\t<\/a>\n\t\t\t<\/div>\n\t\t\t<div class=\"image-tools is-small top right show-on-hover\">\n\t\t\t\t\t\t\t<\/div>\n\t\t\t<div class=\"image-tools is-small hide-for-small bottom left show-on-hover\">\n\t\t\t\t\t\t\t<\/div>\n\t\t\t<div class=\"image-tools grid-tools text-center hide-for-small bottom hover-slide-in show-on-hover\">\n\t\t\t\t\t\t\t<\/div>\n\t\t\t\t\t<\/div>\n\n\t\t<div class=\"box-text box-text-products\">\n\t\t\t<div class=\"title-wrapper\">\t\t<p class=\"category uppercase is-smaller no-text-overflow product-cat op-8\">\n\t\t\tVitaminas &amp; Minerales\t\t<\/p>\n\t<p class=\"name product-title woocommerce-loop-product__title\"><a href=\"https:\/\/vibefarma.com\/mx\/tienda\/zinc-selection\/\" class=\"woocommerce-LoopProduct-link woocommerce-loop-product__link\">Zinc Selection<\/a><\/p><\/div><div class=\"price-wrapper\">\n\t<span class=\"price\"><span class=\"woocommerce-Price-amount amount\"><bdi>14.00<span class=\"woocommerce-Price-currencySymbol\">&euro;<\/span><\/bdi><\/span><\/span>\n<\/div>\t\t<\/div>\n\t<\/div>\n\t<span class=\"gtm4wp_productdata\" style=\"display:none; visibility:hidden;\" data-gtm4wp_product_data=\"{&quot;internal_id&quot;:43607,&quot;item_id&quot;:43607,&quot;item_name&quot;:&quot;Zinc Selection&quot;,&quot;sku&quot;:43607,&quot;price&quot;:14,&quot;stocklevel&quot;:null,&quot;stockstatus&quot;:&quot;instock&quot;,&quot;google_business_vertical&quot;:&quot;retail&quot;,&quot;item_category&quot;:&quot;&quot;,&quot;id&quot;:43607,&quot;productlink&quot;:&quot;https:\\\/\\\/vibefarma.com\\\/mx\\\/tienda\\\/zinc-selection\\\/&quot;,&quot;item_list_name&quot;:&quot;Lista general de productos&quot;,&quot;index&quot;:2,&quot;product_type&quot;:&quot;variable&quot;,&quot;item_brand&quot;:&quot;&quot;}\"><\/span>\t<\/div>\n<\/div><\/div>\n\t\t<\/div>\n\t\t\t\t\t<\/div>\n\n\t\n<\/div>\n\t\t<\/div>\n\n\t\t\n<style>\n#section_87032076 {\n  padding-top: 0px;\n  padding-bottom: 0px;\n}\n<\/style>\n\t<\/section>\n\t\n\n\t<section class=\"section\" id=\"section_1263741322\">\n\t\t<div class=\"section-bg fill\" >\n\t\t\t\t\t\t\t\t\t\n\t\t\t\n\n\t\t<\/div>\n\n\t\t\n\n\t\t<div class=\"section-content relative\">\n\t\t\t\n<div class=\"row\"  id=\"row-337930371\">\n\n\t<div id=\"col-342918690\" class=\"col small-11 large-12\"  >\n\t\t\t\t<div class=\"col-inner text-left\"  >\n\t\t\t\n\t\t\t\n\t<div id=\"text-3191980181\" class=\"text\">\n\t\t\n<h2>&#x1f4dd; Apuntes<\/h2>\n<p>Estos ingredientes trabajan sin\u00e9rgicamente para mejorar la salud ocular:<\/p>\n<ol class=\"marker:text-textOff list-decimal pl-8\">\n<li><a href=\"https:\/\/vibefarma.com\/comprar\/omega-3-ifos-certificado\/\"><strong>Omega 3<\/strong><\/a>: Los \u00e1cidos grasos Omega-3, especialmente el DHA, son esenciales para la salud de las c\u00e9lulas de la retina y pueden ayudar a prevenir enfermedades oculares como la degeneraci\u00f3n macular. Tambi\u00e9n ayudan a reducir el riesgo del s\u00edndrome del ojo seco al mejorar la producci\u00f3n de l\u00e1grimas y disminuir la inflamaci\u00f3n ocular<\/li>\n<li><a href=\"https:\/\/vibefarma.com\/comprar\/suplementos-vitaminas\/\"><strong>Zinc<\/strong><\/a>: Este mineral es crucial para mantener la salud retinal y juega un papel importante en la funci\u00f3n visual. La deficiencia de zinc se ha relacionado con problemas visuales, y su suplementaci\u00f3n puede ayudar a prevenir o ralentizar la progresi\u00f3n de enfermedades como la degeneraci\u00f3n macular\n<div class=\"inline-flex h-&#091;1rem&#093; min-w-&#091;1rem&#093; items-center justify-center rounded-full px-&#091;0.3em&#093; text-center font-mono text-&#091;0.60rem&#093; tabular-nums md:hover:text-white border-borderMain\/50 ring-borderMain\/50 divide-borderMain\/50 dark:divide-borderMainDark\/50 dark:ring-borderMainDark\/50 dark:border-borderMainDark\/50 transition duration-300 bg-offsetPlus dark:bg-offsetPlusDark md:hover:bg-super\">\u00a0<\/div>\n<\/li>\n<\/ol>\n\t\t\n<style>\n#text-3191980181 {\n  text-align: left;\n}\n<\/style>\n\t<\/div>\n\t\n\t\t<\/div>\n\t\t\t\t\t<\/div>\n\n\t\n<\/div>\n\t\t<\/div>\n\n\t\t\n<style>\n#section_1263741322 {\n  padding-top: 60px;\n  padding-bottom: 60px;\n}\n<\/style>\n\t<\/section>\n\t\n","protected":false},"excerpt":{"rendered":"","protected":false},"author":1,"featured_media":0,"parent":46080,"menu_order":0,"comment_status":"closed","ping_status":"closed","template":"page-blank.php","meta":{"_daextinma_seo_power":"1000","_daextinma_enable_ail":"","footnotes":""},"class_list":["post-46177","page","type-page","status-publish","hentry"],"_links":{"self":[{"href":"https:\/\/vibefarma.com\/mx\/wp-json\/wp\/v2\/pages\/46177","targetHints":{"allow":["GET"]}}],"collection":[{"href":"https:\/\/vibefarma.com\/mx\/wp-json\/wp\/v2\/pages"}],"about":[{"href":"https:\/\/vibefarma.com\/mx\/wp-json\/wp\/v2\/types\/page"}],"author":[{"embeddable":true,"href":"https:\/\/vibefarma.com\/mx\/wp-json\/wp\/v2\/users\/1"}],"replies":[{"embeddable":true,"href":"https:\/\/vibefarma.com\/mx\/wp-json\/wp\/v2\/comments?post=46177"}],"version-history":[{"count":5,"href":"https:\/\/vibefarma.com\/mx\/wp-json\/wp\/v2\/pages\/46177\/revisions"}],"predecessor-version":[{"id":47011,"href":"https:\/\/vibefarma.com\/mx\/wp-json\/wp\/v2\/pages\/46177\/revisions\/47011"}],"up":[{"embeddable":true,"href":"https:\/\/vibefarma.com\/mx\/wp-json\/wp\/v2\/pages\/46080"}],"wp:attachment":[{"href":"https:\/\/vibefarma.com\/mx\/wp-json\/wp\/v2\/media?parent=46177"}],"curies":[{"name":"wp","href":"https:\/\/api.w.org\/{rel}","templated":true}]}}