{"id":46105,"date":"2025-01-06T20:48:11","date_gmt":"2025-01-06T19:48:11","guid":{"rendered":"https:\/\/vibefarma.com\/mx\/?page_id=46105"},"modified":"2025-02-07T20:01:17","modified_gmt":"2025-02-07T19:01:17","slug":"huesos","status":"publish","type":"page","link":"https:\/\/vibefarma.com\/mx\/objetivo\/huesos\/","title":{"rendered":"&#x1f9b4; Huesos | Convi\u00e9rtelos en acero"},"content":{"rendered":"\t<div id=\"gap-34418249\" class=\"gap-element clearfix\" style=\"display:block; height:auto;\">\n\t\t\n<style>\n#gap-34418249 {\n  padding-top: 30px;\n}\n<\/style>\n\t<\/div>\n\t\n\n\t<section class=\"section\" id=\"section_909302607\">\n\t\t<div class=\"section-bg fill\" >\n\t\t\t\t\t\t\t\t\t\n\t\t\t\n\n\t\t<\/div>\n\n\t\t\n\n\t\t<div class=\"section-content relative\">\n\t\t\t\n<div class=\"row align-center\"  id=\"row-1684709491\">\n\n\t<div id=\"col-365525815\" class=\"col medium-9 small-12 large-8\"  >\n\t\t\t\t<div class=\"col-inner text-center\"  >\n\t\t\t\n\t\t\t\n\t<div id=\"text-2104420931\" class=\"text\">\n\t\t\n<h6><a href=\"\/\">Home<\/a> \u2022 OBJETIVO<\/h6>\n\t\t\n<style>\n#text-2104420931 {\n  font-size: 0.8rem;\n}\n<\/style>\n\t<\/div>\n\t\n\t<div id=\"text-1481069734\" class=\"text\">\n\t\t\n<h1>&#x1f9b4; Huesos | Convi\u00e9rtelos en acero<\/h1>\n\t\t\n<style>\n#text-1481069734 {\n  font-size: 1.5rem;\n}\n<\/style>\n\t<\/div>\n\t\n<p>Fortalece tu estructura \u00f3sea &#x1f9b4;. Encuentra apoyo para mantener huesos fuertes y saludables durante toda la vida &#x1f6e0;&#xfe0f;.<\/p>\n\t\t<\/div>\n\t\t\t\t\t<\/div>\n\n\t\n<\/div>\n\t\t<\/div>\n\n\t\t\n<style>\n#section_909302607 {\n  padding-top: 5px;\n  padding-bottom: 5px;\n  background-color: rgb(255,255,255);\n}\n<\/style>\n\t<\/section>\n\t\n<div class=\"is-divider divider clearfix\" style=\"margin-top:1.0px;margin-bottom:1.0px;max-width:100%;height:1px;background-color:rgb(237, 237, 237);\"><\/div>\n\t<div id=\"gap-848015307\" class=\"gap-element clearfix\" style=\"display:block; height:auto;\">\n\t\t\n<style>\n#gap-848015307 {\n  padding-top: 30px;\n}\n<\/style>\n\t<\/div>\n\t\n\n\t<section class=\"section\" id=\"section_618505092\">\n\t\t<div class=\"section-bg fill\" >\n\t\t\t\t\t\t\t\t\t\n\t\t\t\n\n\t\t<\/div>\n\n\t\t\n\n\t\t<div class=\"section-content relative\">\n\t\t\t\n<div class=\"row row-collapse\"  id=\"row-1384305666\">\n\n\t<div id=\"col-1678558712\" class=\"col small-12 large-12\"  >\n\t\t\t\t<div class=\"col-inner\"  >\n\t\t\t\n\t\t\t\n\t\n  \n    <div class=\"row  equalize-box large-columns-5 medium-columns-3 small-columns-2 row-xsmall\" >\n  \n\t     <div class=\"product-small col has-hover product type-product post-12506 status-publish first instock product_cat-omega-3-ifos-certificado product_tag-essentials has-post-thumbnail taxable shipping-taxable purchasable product-type-variable has-default-attributes\">\n\t<div class=\"col-inner\">\n\t\n<div class=\"badge-container absolute left top z-1\">\n\n<\/div>\n\t<div class=\"product-small box \">\n\t\t<div class=\"box-image\">\n\t\t\t<div class=\"image-zoom_in\">\n\t\t\t\t<a href=\"https:\/\/vibefarma.com\/mx\/tienda\/omega-3-con-vitamina-d-essentials\/\">\n\t\t\t\t\t<img loading=\"lazy\" decoding=\"async\" width=\"350\" height=\"435\" src=\"https:\/\/vibefarma.com\/mx\/wp-content\/uploads\/2023\/01\/omega-3-essentials60-vibefarma-350x435.jpg\" class=\"attachment-woocommerce_thumbnail size-woocommerce_thumbnail\" alt=\"omega 3 con vitamina d\" srcset=\"https:\/\/vibefarma.com\/mx\/wp-content\/uploads\/2023\/01\/omega-3-essentials60-vibefarma-350x435.jpg 350w, https:\/\/vibefarma.com\/mx\/wp-content\/uploads\/2023\/01\/omega-3-essentials60-vibefarma-595x739.jpg 595w, https:\/\/vibefarma.com\/mx\/wp-content\/uploads\/2023\/01\/omega-3-essentials60-vibefarma-242x300.jpg 242w, https:\/\/vibefarma.com\/mx\/wp-content\/uploads\/2023\/01\/omega-3-essentials60-vibefarma-824x1024.jpg 824w, https:\/\/vibefarma.com\/mx\/wp-content\/uploads\/2023\/01\/omega-3-essentials60-vibefarma-768x954.jpg 768w, https:\/\/vibefarma.com\/mx\/wp-content\/uploads\/2023\/01\/omega-3-essentials60-vibefarma.jpg 1140w\" sizes=\"auto, (max-width: 350px) 100vw, 350px\" \/>\t\t\t\t<\/a>\n\t\t\t<\/div>\n\t\t\t<div class=\"image-tools is-small top right show-on-hover\">\n\t\t\t\t\t\t\t<\/div>\n\t\t\t<div class=\"image-tools is-small hide-for-small bottom left show-on-hover\">\n\t\t\t\t\t\t\t<\/div>\n\t\t\t<div class=\"image-tools grid-tools text-center hide-for-small bottom hover-slide-in show-on-hover\">\n\t\t\t\t\t\t\t<\/div>\n\t\t\t\t\t<\/div>\n\n\t\t<div class=\"box-text box-text-products\">\n\t\t\t<div class=\"title-wrapper\">\t\t<p class=\"category uppercase is-smaller no-text-overflow product-cat op-8\">\n\t\t\tOmega 3\t\t<\/p>\n\t<p class=\"name product-title woocommerce-loop-product__title\"><a href=\"https:\/\/vibefarma.com\/mx\/tienda\/omega-3-con-vitamina-d-essentials\/\" class=\"woocommerce-LoopProduct-link woocommerce-loop-product__link\">Omega 3 Essentials (con Vitamina D3)<\/a><\/p><\/div><div class=\"price-wrapper\">\n\t<span class=\"price\">Desde: <span class=\"woocommerce-Price-amount amount\"><bdi>19.00<span class=\"woocommerce-Price-currencySymbol\">&euro;<\/span><\/bdi><\/span><\/span>\n<\/div>\t\t<\/div>\n\t<\/div>\n\t<span class=\"gtm4wp_productdata\" style=\"display:none; visibility:hidden;\" data-gtm4wp_product_data=\"{&quot;internal_id&quot;:12506,&quot;item_id&quot;:12506,&quot;item_name&quot;:&quot;Omega 3 Essentials (con Vitamina D3)&quot;,&quot;sku&quot;:12506,&quot;price&quot;:19,&quot;stocklevel&quot;:null,&quot;stockstatus&quot;:&quot;instock&quot;,&quot;google_business_vertical&quot;:&quot;retail&quot;,&quot;item_category&quot;:&quot;Omega 3&quot;,&quot;id&quot;:12506,&quot;productlink&quot;:&quot;https:\\\/\\\/vibefarma.com\\\/mx\\\/tienda\\\/omega-3-con-vitamina-d-essentials\\\/&quot;,&quot;item_list_name&quot;:&quot;Lista general de productos&quot;,&quot;index&quot;:1,&quot;product_type&quot;:&quot;variable&quot;,&quot;item_brand&quot;:&quot;&quot;}\"><\/span>\t<\/div>\n<\/div><div class=\"product-small col has-hover product type-product post-12707 status-publish instock product_cat-suplementos-vitaminas product_tag-essentials has-post-thumbnail featured taxable shipping-taxable purchasable product-type-variable has-default-attributes\">\n\t<div class=\"col-inner\">\n\t\n<div class=\"badge-container absolute left top z-1\">\n\n<\/div>\n\t<div class=\"product-small box \">\n\t\t<div class=\"box-image\">\n\t\t\t<div class=\"image-zoom_in\">\n\t\t\t\t<a href=\"https:\/\/vibefarma.com\/mx\/tienda\/magnesio-essentials\/\">\n\t\t\t\t\t<img loading=\"lazy\" decoding=\"async\" width=\"350\" height=\"435\" src=\"https:\/\/vibefarma.com\/mx\/wp-content\/uploads\/2023\/01\/magnesio-essentials--350x435.jpeg\" class=\"attachment-woocommerce_thumbnail size-woocommerce_thumbnail\" alt=\"Magnesio Essentials\" srcset=\"https:\/\/vibefarma.com\/mx\/wp-content\/uploads\/2023\/01\/magnesio-essentials--350x435.jpeg 350w, https:\/\/vibefarma.com\/mx\/wp-content\/uploads\/2023\/01\/magnesio-essentials--242x300.jpeg 242w, https:\/\/vibefarma.com\/mx\/wp-content\/uploads\/2023\/01\/magnesio-essentials--510x633.jpeg 510w, https:\/\/vibefarma.com\/mx\/wp-content\/uploads\/2023\/01\/magnesio-essentials-.jpeg 570w\" sizes=\"auto, (max-width: 350px) 100vw, 350px\" \/>\t\t\t\t<\/a>\n\t\t\t<\/div>\n\t\t\t<div class=\"image-tools is-small top right show-on-hover\">\n\t\t\t\t\t\t\t<\/div>\n\t\t\t<div class=\"image-tools is-small hide-for-small bottom left show-on-hover\">\n\t\t\t\t\t\t\t<\/div>\n\t\t\t<div class=\"image-tools grid-tools text-center hide-for-small bottom hover-slide-in show-on-hover\">\n\t\t\t\t\t\t\t<\/div>\n\t\t\t\t\t<\/div>\n\n\t\t<div class=\"box-text box-text-products\">\n\t\t\t<div class=\"title-wrapper\">\t\t<p class=\"category uppercase is-smaller no-text-overflow product-cat op-8\">\n\t\t\tVitaminas &amp; Minerales\t\t<\/p>\n\t<p class=\"name product-title woocommerce-loop-product__title\"><a href=\"https:\/\/vibefarma.com\/mx\/tienda\/magnesio-essentials\/\" class=\"woocommerce-LoopProduct-link woocommerce-loop-product__link\">Magnesio Essentials<\/a><\/p><\/div><div class=\"price-wrapper\">\n\t<span class=\"price\"><span class=\"woocommerce-Price-amount amount\"><bdi>19.00<span class=\"woocommerce-Price-currencySymbol\">&euro;<\/span><\/bdi><\/span><\/span>\n<\/div>\t\t<\/div>\n\t<\/div>\n\t<span class=\"gtm4wp_productdata\" style=\"display:none; visibility:hidden;\" data-gtm4wp_product_data=\"{&quot;internal_id&quot;:12707,&quot;item_id&quot;:12707,&quot;item_name&quot;:&quot;Magnesio Essentials&quot;,&quot;sku&quot;:12707,&quot;price&quot;:19,&quot;stocklevel&quot;:null,&quot;stockstatus&quot;:&quot;instock&quot;,&quot;google_business_vertical&quot;:&quot;retail&quot;,&quot;item_category&quot;:&quot;Vitaminas &amp; Minerales&quot;,&quot;id&quot;:12707,&quot;productlink&quot;:&quot;https:\\\/\\\/vibefarma.com\\\/mx\\\/tienda\\\/magnesio-essentials\\\/&quot;,&quot;item_list_name&quot;:&quot;Lista general de productos&quot;,&quot;index&quot;:2,&quot;product_type&quot;:&quot;variable&quot;,&quot;item_brand&quot;:&quot;&quot;}\"><\/span>\t<\/div>\n<\/div><div class=\"product-small col has-hover product type-product post-12713 status-publish instock product_cat-suplementos-vitaminas product_tag-essentials has-post-thumbnail taxable shipping-taxable purchasable product-type-variable has-default-attributes\">\n\t<div class=\"col-inner\">\n\t\n<div class=\"badge-container absolute left top z-1\">\n\n<\/div>\n\t<div class=\"product-small box \">\n\t\t<div class=\"box-image\">\n\t\t\t<div class=\"image-zoom_in\">\n\t\t\t\t<a href=\"https:\/\/vibefarma.com\/mx\/tienda\/vitamina-d3\/\">\n\t\t\t\t\t<img loading=\"lazy\" decoding=\"async\" width=\"350\" height=\"435\" src=\"https:\/\/vibefarma.com\/mx\/wp-content\/uploads\/2024\/09\/d3k2-essentials-350x435.jpg\" class=\"attachment-woocommerce_thumbnail size-woocommerce_thumbnail\" alt=\"Vitamina D3+K2\" srcset=\"https:\/\/vibefarma.com\/mx\/wp-content\/uploads\/2024\/09\/d3k2-essentials-350x435.jpg 350w, https:\/\/vibefarma.com\/mx\/wp-content\/uploads\/2024\/09\/d3k2-essentials-242x300.jpg 242w, https:\/\/vibefarma.com\/mx\/wp-content\/uploads\/2024\/09\/d3k2-essentials-121x150.jpg 121w, https:\/\/vibefarma.com\/mx\/wp-content\/uploads\/2024\/09\/d3k2-essentials-450x559.jpg 450w, https:\/\/vibefarma.com\/mx\/wp-content\/uploads\/2024\/09\/d3k2-essentials.jpg 570w\" sizes=\"auto, (max-width: 350px) 100vw, 350px\" \/>\t\t\t\t<\/a>\n\t\t\t<\/div>\n\t\t\t<div class=\"image-tools is-small top right show-on-hover\">\n\t\t\t\t\t\t\t<\/div>\n\t\t\t<div class=\"image-tools is-small hide-for-small bottom left show-on-hover\">\n\t\t\t\t\t\t\t<\/div>\n\t\t\t<div class=\"image-tools grid-tools text-center hide-for-small bottom hover-slide-in show-on-hover\">\n\t\t\t\t\t\t\t<\/div>\n\t\t\t\t\t<\/div>\n\n\t\t<div class=\"box-text box-text-products\">\n\t\t\t<div class=\"title-wrapper\">\t\t<p class=\"category uppercase is-smaller no-text-overflow product-cat op-8\">\n\t\t\tVitaminas &amp; Minerales\t\t<\/p>\n\t<p class=\"name product-title woocommerce-loop-product__title\"><a href=\"https:\/\/vibefarma.com\/mx\/tienda\/vitamina-d3\/\" class=\"woocommerce-LoopProduct-link woocommerce-loop-product__link\">Vitamina D3+K2<\/a><\/p><\/div><div class=\"price-wrapper\">\n\t<span class=\"price\"><span class=\"woocommerce-Price-amount amount\"><bdi>19.00<span class=\"woocommerce-Price-currencySymbol\">&euro;<\/span><\/bdi><\/span><\/span>\n<\/div>\t\t<\/div>\n\t<\/div>\n\t<span class=\"gtm4wp_productdata\" style=\"display:none; visibility:hidden;\" data-gtm4wp_product_data=\"{&quot;internal_id&quot;:12713,&quot;item_id&quot;:12713,&quot;item_name&quot;:&quot;Vitamina D3+K2&quot;,&quot;sku&quot;:12713,&quot;price&quot;:19,&quot;stocklevel&quot;:null,&quot;stockstatus&quot;:&quot;instock&quot;,&quot;google_business_vertical&quot;:&quot;retail&quot;,&quot;item_category&quot;:&quot;Vitaminas &amp; Minerales&quot;,&quot;id&quot;:12713,&quot;productlink&quot;:&quot;https:\\\/\\\/vibefarma.com\\\/mx\\\/tienda\\\/vitamina-d3\\\/&quot;,&quot;item_list_name&quot;:&quot;Lista general de productos&quot;,&quot;index&quot;:3,&quot;product_type&quot;:&quot;variable&quot;,&quot;item_brand&quot;:&quot;&quot;}\"><\/span>\t<\/div>\n<\/div><\/div>\n\t\t<\/div>\n\t\t\t\t\t<\/div>\n\n\t\n<\/div>\n\t\t<\/div>\n\n\t\t\n<style>\n#section_618505092 {\n  padding-top: 0px;\n  padding-bottom: 0px;\n}\n<\/style>\n\t<\/section>\n\t\n\n\t<section class=\"section\" id=\"section_1975701994\">\n\t\t<div class=\"section-bg fill\" >\n\t\t\t\t\t\t\t\t\t\n\t\t\t\n\n\t\t<\/div>\n\n\t\t\n\n\t\t<div class=\"section-content relative\">\n\t\t\t\n<div class=\"row\"  id=\"row-77465650\">\n\n\t<div id=\"col-2135779595\" class=\"col small-11 large-12\"  >\n\t\t\t\t<div class=\"col-inner text-left\"  >\n\t\t\t\n\t\t\t\n\t<div id=\"text-3538392170\" class=\"text\">\n\t\t\n<h2>&#x1f4dd; Apuntes<\/h2>\n<p><strong>Estos tres suplementos trabajan de manera sin\u00e9rgica para fortalecer los huesos, mejorar la densidad \u00f3sea y prevenir condiciones como la osteoporosis.<\/strong><\/p>\n<p>El <a href=\"https:\/\/vibefarma.com\/comprar\/omega-3-ifos-certificado\/\"><strong>Omega 3<\/strong><\/a> reduce la inflamaci\u00f3n y mejora la absorci\u00f3n de calcio, la combinaci\u00f3n de <a href=\"https:\/\/vibefarma.com\/comprar\/suplementos-vitaminas\/\"><strong>Vitamina D3+K2<\/strong><\/a> optimiza el desarrollo y mantenimiento \u00f3seo, mientras que el Magnesio complementa estos efectos mejorando la absorci\u00f3n de calcio y la densidad \u00f3sea.<\/p>\n\t\t\n<style>\n#text-3538392170 {\n  text-align: left;\n}\n<\/style>\n\t<\/div>\n\t\n\t\t<\/div>\n\t\t\t\t\t<\/div>\n\n\t\n<\/div>\n\t\t<\/div>\n\n\t\t\n<style>\n#section_1975701994 {\n  padding-top: 60px;\n  padding-bottom: 60px;\n}\n<\/style>\n\t<\/section>\n\t\n","protected":false},"excerpt":{"rendered":"","protected":false},"author":1,"featured_media":0,"parent":46080,"menu_order":0,"comment_status":"closed","ping_status":"closed","template":"page-blank.php","meta":{"_daextinma_seo_power":"1000","_daextinma_enable_ail":"","footnotes":""},"class_list":["post-46105","page","type-page","status-publish","hentry"],"_links":{"self":[{"href":"https:\/\/vibefarma.com\/mx\/wp-json\/wp\/v2\/pages\/46105","targetHints":{"allow":["GET"]}}],"collection":[{"href":"https:\/\/vibefarma.com\/mx\/wp-json\/wp\/v2\/pages"}],"about":[{"href":"https:\/\/vibefarma.com\/mx\/wp-json\/wp\/v2\/types\/page"}],"author":[{"embeddable":true,"href":"https:\/\/vibefarma.com\/mx\/wp-json\/wp\/v2\/users\/1"}],"replies":[{"embeddable":true,"href":"https:\/\/vibefarma.com\/mx\/wp-json\/wp\/v2\/comments?post=46105"}],"version-history":[{"count":5,"href":"https:\/\/vibefarma.com\/mx\/wp-json\/wp\/v2\/pages\/46105\/revisions"}],"predecessor-version":[{"id":47014,"href":"https:\/\/vibefarma.com\/mx\/wp-json\/wp\/v2\/pages\/46105\/revisions\/47014"}],"up":[{"embeddable":true,"href":"https:\/\/vibefarma.com\/mx\/wp-json\/wp\/v2\/pages\/46080"}],"wp:attachment":[{"href":"https:\/\/vibefarma.com\/mx\/wp-json\/wp\/v2\/media?parent=46105"}],"curies":[{"name":"wp","href":"https:\/\/api.w.org\/{rel}","templated":true}]}}