{"id":12281,"date":"2021-04-13T13:44:05","date_gmt":"2021-04-13T13:44:05","guid":{"rendered":"https:\/\/templates.sebdelaweb.com\/snuf\/?page_id=647"},"modified":"2023-01-17T18:18:53","modified_gmt":"2023-01-17T18:18:53","slug":"privacidad","status":"publish","type":"page","link":"https:\/\/vibefarma.com\/mx\/terminos-condiciones\/privacidad\/","title":{"rendered":"Privacidad"},"content":{"rendered":"\n\t<section class=\"section\" id=\"section_252942409\">\n\t\t<div class=\"section-bg fill\" >\n\t\t\t\t\t\t\t\t\t\n\t\t\t\n\n\t\t<\/div>\n\n\t\t\n\n\t\t<div class=\"section-content relative\">\n\t\t\t\n\t<div id=\"gap-1487315063\" class=\"gap-element clearfix\" style=\"display:block; height:auto;\">\n\t\t\n<style>\n#gap-1487315063 {\n  padding-top: 55px;\n}\n<\/style>\n\t<\/div>\n\t\n<div class=\"row align-center\"  id=\"row-1591325216\">\n\n\t<div id=\"col-1025600553\" class=\"col medium-8 small-12 large-6\"  >\n\t\t\t\t<div class=\"col-inner text-center\"  >\n\t\t\t\n\t\t\t\n\t<div id=\"text-3131061073\" class=\"text\">\n\t\t\n<h6>Home \u2022 Privacidad<\/h6>\n\t\t\n<style>\n#text-3131061073 {\n  font-size: 0.8rem;\n}\n<\/style>\n\t<\/div>\n\t\n\t<div id=\"text-3667167297\" class=\"text\">\n\t\t\n<h1>Pol\u00edtica de Privacidad<\/h1>\n\t\t\n<style>\n#text-3667167297 {\n  font-size: 1.5rem;\n}\n<\/style>\n\t<\/div>\n\t\n\t\t<\/div>\n\t\t\t\t\t<\/div>\n\n\t\n<\/div>\n\t\t<\/div>\n\n\t\t\n<style>\n#section_252942409 {\n  padding-top: 20px;\n  padding-bottom: 20px;\n  background-color: rgb(255,255,255);\n}\n@media (min-width:550px) {\n  #section_252942409 {\n    padding-top: 40px;\n    padding-bottom: 40px;\n  }\n}\n<\/style>\n\t<\/section>\n\t\n<div class=\"is-divider divider clearfix\" style=\"margin-top:1.0px;margin-bottom:1.0px;max-width:100%;height:1px;background-color:rgb(237, 237, 237);\"><\/div>\n\n\t<section class=\"section\" id=\"section_2145172564\">\n\t\t<div class=\"section-bg fill\" >\n\t\t\t\t\t\t\t\t\t\n\t\t\t\n\n\t\t<\/div>\n\n\t\t\n\n\t\t<div class=\"section-content relative\">\n\t\t\t\n\t<div id=\"gap-351064131\" class=\"gap-element clearfix\" style=\"display:block; height:auto;\">\n\t\t\n<style>\n#gap-351064131 {\n  padding-top: 40px;\n}\n<\/style>\n\t<\/div>\n\t\n<div class=\"row align-center\"  id=\"row-556662282\">\n\n\t<div id=\"col-41028439\" class=\"col medium-3 small-12 large-3\"  >\n\t\t\t\t<div class=\"col-inner\"  >\n\t\t\t\n\t\t\t\n\t<div class=\"ux-menu stack stack-col justify-start ux-menu--divider-solid\">\n\t\t\n\t<div class=\"ux-menu-link flex menu-item\">\n\t\t<a class=\"ux-menu-link__link flex\" href=\"https:\/\/vibefarma.com\/mx\/terminos-condiciones\/generales\/\" >\n\t\t\t\t\t\t<span class=\"ux-menu-link__text\">\n\t\t\t\tCondiciones Generales\t\t\t<\/span>\n\t\t<\/a>\n\t<\/div>\n\t\n\t<div class=\"ux-menu-link flex menu-item\">\n\t\t<a class=\"ux-menu-link__link flex\" href=\"https:\/\/vibefarma.com\/mx\/terminos-condiciones\/privacidad\/\" >\n\t\t\t\t\t\t<span class=\"ux-menu-link__text\">\n\t\t\t\tPrivacidad\t\t\t<\/span>\n\t\t<\/a>\n\t<\/div>\n\t\n\t<div class=\"ux-menu-link flex menu-item\">\n\t\t<a class=\"ux-menu-link__link flex\" href=\"https:\/\/vibefarma.com\/mx\/terminos-condiciones\/contenidos\/\" >\n\t\t\t\t\t\t<span class=\"ux-menu-link__text\">\n\t\t\t\tContenidos\t\t\t<\/span>\n\t\t<\/a>\n\t<\/div>\n\t\n\t<div class=\"ux-menu-link flex menu-item\">\n\t\t<a class=\"ux-menu-link__link flex\" href=\"https:\/\/vibefarma.com\/mx\/terminos-condiciones\/envios-entregas\/\" >\n\t\t\t\t\t\t<span class=\"ux-menu-link__text\">\n\t\t\t\tEnv\u00edos y Entregas\t\t\t<\/span>\n\t\t<\/a>\n\t<\/div>\n\t\n\t<div class=\"ux-menu-link flex menu-item\">\n\t\t<a class=\"ux-menu-link__link flex\" href=\"https:\/\/vibefarma.com\/mx\/terminos-condiciones\/pago\/\" >\n\t\t\t\t\t\t<span class=\"ux-menu-link__text\">\n\t\t\t\tFormas de Pago\t\t\t<\/span>\n\t\t<\/a>\n\t<\/div>\n\t\n\t<div class=\"ux-menu-link flex menu-item\">\n\t\t<a class=\"ux-menu-link__link flex\" href=\"https:\/\/vibefarma.com\/mx\/terminos-condiciones\/devoluciones\/\" >\n\t\t\t\t\t\t<span class=\"ux-menu-link__text\">\n\t\t\t\tDevoluciones\t\t\t<\/span>\n\t\t<\/a>\n\t<\/div>\n\t\n\t<div class=\"ux-menu-link flex menu-item\">\n\t\t<a class=\"ux-menu-link__link flex\" href=\"https:\/\/vibefarma.com\/mx\/terminos-condiciones\/datos-productos\/\" >\n\t\t\t\t\t\t<span class=\"ux-menu-link__text\">\n\t\t\t\tDatos Sobre Producto\t\t\t<\/span>\n\t\t<\/a>\n\t<\/div>\n\t\n\t<div class=\"ux-menu-link flex menu-item\">\n\t\t<a class=\"ux-menu-link__link flex\" href=\"https:\/\/vibefarma.com\/mx\/terminos-condiciones\/reclamaciones\/\" >\n\t\t\t\t\t\t<span class=\"ux-menu-link__text\">\n\t\t\t\tReclamaciones\t\t\t<\/span>\n\t\t<\/a>\n\t<\/div>\n\t\n\t<div class=\"ux-menu-link flex menu-item\">\n\t\t<a class=\"ux-menu-link__link flex\" href=\"https:\/\/vibefarma.com\/mx\/terminos-condiciones\/garantia\/\" >\n\t\t\t\t\t\t<span class=\"ux-menu-link__text\">\n\t\t\t\tGarant\u00eda de Productos\t\t\t<\/span>\n\t\t<\/a>\n\t<\/div>\n\t\n\t<\/div>\n\t\n\t\t<\/div>\n\t\t\t\t\t<\/div>\n\n\t\n\n\t<div id=\"col-1199798255\" class=\"col medium-8 small-12 large-7 small-col-first\"  >\n\t\t\t\t<div class=\"col-inner\"  >\n\t\t\t\n\t\t\t\n<p><strong>Vibefarma se responsabiliza y compromete con la seguridad de esta web y la protecci\u00f3n de datos de nuestros clientes y visitantes<\/strong>. La pol\u00edtica de privacidad de la empresa se explica a continuaci\u00f3n. Cualquier cambio de pol\u00edtica se mostrar\u00e1 en esta declaraci\u00f3n.<\/p>\n<p><strong>\u00bfQu\u00e9 datos pedimos?\u00a0<\/strong><\/p>\n<p>Necesitamos su nombre, n\u00famero de tel\u00e9fono, direcci\u00f3n postal, e-mail y edad para las campa\u00f1as de marketing, premios y boletines. Adem\u00e1s, <strong>al realizar una compra en nuestra web, guardamos la informaci\u00f3n referente a la direcci\u00f3n de entrega y los detalles de pago<\/strong>. Tambi\u00e9n podemos necesitar otros datos, como su experiencia en nuestra web, que nos ayudar\u00e1n a mejorar los servicios.<\/p>\n<p><strong>\u00bfPara qu\u00e9 se utilizan esos datos?<\/strong><\/p>\n<p>Sus datos permiten que nuestro equipo pueda procesar su pedido, avisarlo de cambios importantes en las funciones de la web, realizar encuestas y utilizarlos para efectos estad\u00edsticos.<\/p>\n<p>Tambi\u00e9n le podemos enviar peri\u00f3dicamente (por e-mail o por correo ordinario) informaci\u00f3n sobre productos y servicios, campa\u00f1as, promociones y ofertas especiales. Si no desea que nos pongamos en contacto con usted para estos efectos, puede cambiar sus preferencias de las siguientes formas:<\/p>\n<p>Puede cancelar la suscripci\u00f3n al bolet\u00edn desde su cuenta personal. <strong>Puede cancelar la suscripci\u00f3n mediante un enlace desde el propio bolet\u00edn que se env\u00eda a su e-mail.<\/strong><\/p>\n<p><strong>Vibefarma se compromete a proteger sus datos y \u00e9stos nunca estar\u00e1n a disposici\u00f3n de terceros.<\/strong> Al atender su pedido es posible que tanto sus datos, como la direcci\u00f3n y el c\u00f3digo postal pasen a terceras partes para prevenir y detectar fraudes.<\/p>\n<p><strong>\u00bfQu\u00e9 son las cookies y para qu\u00e9 se utilizan?<\/strong><\/p>\n<p>Una cookie es un peque\u00f1o fichero que se env\u00eda a su ordenador y que se guarda en el disco duro. L<strong>as cookies se emplean para que nuestro sistema pueda seguir sus pasos en una sesi\u00f3n de compra.<\/strong> Si no acepta el uso de cookies, no podr\u00e1 utilizar de forma correcta esta web.<\/p>\n<p><strong>Actualizaci\u00f3n de sus datos<\/strong><\/p>\n<p><strong>Si desea actualizar los datos que indic\u00f3 en vibefarma, puede enviar un e-mail al servicio de atenci\u00f3n al cliente.<\/strong> Se le pedir\u00e1 una prueba de su identidad antes de revelarle la informaci\u00f3n. Esta prueba puede ser su e-mail y contrase\u00f1a de registro en la web. Debe mantener esta informaci\u00f3n segura, ya que es de su responsabilidad que terceros puedan realizar alguna acci\u00f3n o pedido a trav\u00e9s de su cuenta.<\/p>\n<p><strong>Le recomendamos que no guarde su contrase\u00f1a en el navegador,<\/strong> ya que otra persona que acceda a su ordenador podr\u00eda ver y utilizar su informaci\u00f3n personal.<\/p>\n<p><strong>Seguridad<\/strong><\/p>\n<p><strong>En vibefarma usamos uno de los sistemas de compras on-line m\u00e1s seguros que existen.<\/strong> Adem\u00e1s, estamos mejorando continuamente nuestro software para poder ofrecerle la mayor seguridad posible a todos nuestros miembros.<\/p>\n<p>Utilizamos un certificado de servidor (o certificado digital) que garantiza nuestra identidad. <strong>Adem\u00e1s, empleamos una encriptaci\u00f3n de transmisi\u00f3n de datos SSL (Secure Sockets Layer).<\/strong><\/p>\n\t\t<\/div>\n\t\t\t\t\t<\/div>\n\n\t\n<\/div>\n\t\t<\/div>\n\n\t\t\n<style>\n#section_2145172564 {\n  padding-top: 10px;\n  padding-bottom: 10px;\n  background-color: rgb(255,255,255);\n}\n<\/style>\n\t<\/section>\n\t\n","protected":false},"excerpt":{"rendered":"","protected":false},"author":1,"featured_media":0,"parent":34000,"menu_order":0,"comment_status":"closed","ping_status":"closed","template":"page-blank.php","meta":{"_daextinma_seo_power":"","_daextinma_enable_ail":"","footnotes":""},"class_list":["post-12281","page","type-page","status-publish","hentry"],"_links":{"self":[{"href":"https:\/\/vibefarma.com\/mx\/wp-json\/wp\/v2\/pages\/12281","targetHints":{"allow":["GET"]}}],"collection":[{"href":"https:\/\/vibefarma.com\/mx\/wp-json\/wp\/v2\/pages"}],"about":[{"href":"https:\/\/vibefarma.com\/mx\/wp-json\/wp\/v2\/types\/page"}],"author":[{"embeddable":true,"href":"https:\/\/vibefarma.com\/mx\/wp-json\/wp\/v2\/users\/1"}],"replies":[{"embeddable":true,"href":"https:\/\/vibefarma.com\/mx\/wp-json\/wp\/v2\/comments?post=12281"}],"version-history":[{"count":13,"href":"https:\/\/vibefarma.com\/mx\/wp-json\/wp\/v2\/pages\/12281\/revisions"}],"predecessor-version":[{"id":34207,"href":"https:\/\/vibefarma.com\/mx\/wp-json\/wp\/v2\/pages\/12281\/revisions\/34207"}],"up":[{"embeddable":true,"href":"https:\/\/vibefarma.com\/mx\/wp-json\/wp\/v2\/pages\/34000"}],"wp:attachment":[{"href":"https:\/\/vibefarma.com\/mx\/wp-json\/wp\/v2\/media?parent=12281"}],"curies":[{"name":"wp","href":"https:\/\/api.w.org\/{rel}","templated":true}]}}