{"id":43603,"date":"2024-10-15T08:27:41","date_gmt":"2024-10-15T06:27:41","guid":{"rendered":"https:\/\/vibefarma.com\/b2b\/?post_type=product&#038;p=43603"},"modified":"2025-06-25T11:32:23","modified_gmt":"2025-06-25T09:32:23","slug":"colageno-selection","status":"publish","type":"product","link":"https:\/\/vibefarma.com\/b2b\/tienda\/colageno-selection\/","title":{"rendered":"Col\u00e1geno Selection"},"content":{"rendered":"<h2><span style=\"font-size: 90%;\">&#x2728; <strong>Col\u00e1geno Selection<\/strong> de Vibefarma<\/span><\/h2>\n<p><strong>10 g de p\u00e9ptidos de col\u00e1geno bovino hidrolizado tipo I<\/strong> (<strong>Peptan\u00ae*<\/strong>) f\u00e1cilmente absorbibles, dise\u00f1ados para <strong>mejorar la salud de la piel, las articulaciones y los huesos<\/strong> al promover la <strong>s\u00edntesis de col\u00e1geno<\/strong> en el cuerpo. Estos p\u00e9ptidos tambi\u00e9n pueden: Apoyar la <strong>elasticidad y firmeza de la piel<\/strong> &#x1f31f;. Ayudar a <strong>reducir el dolor articular<\/strong> &#x1f9b4;.<\/p>\n<p><span class=\"OYPEnA font-feature-liga-off font-feature-clig-off font-feature-calt-off text-decoration-none text-strikethrough-none\" style=\"font-size: 85%;\">*Peptan\u00ae es una marca registrada propiedad de Rousselot Health &amp; Nutrition<\/span><\/p>\n\t<div id=\"gap-408180\" class=\"gap-element clearfix\" style=\"display:block; height:auto;\">\n\t\t\n<style>\n#gap-408180 {\n  padding-top: 30px;\n}\n<\/style>\n\t<\/div>\n\t\n<h3>&#x26a1; <strong><span style=\"font-size: 90%;\">Composici\u00f3n e ingredientes<\/span><\/strong><\/h3>\n<table>\n<thead>\n<tr>\n<th>Composici\u00f3n por 1 cazo<\/th>\n<th>Cantidad<\/th>\n<\/tr>\n<\/thead>\n<tbody>\n<tr>\n<td>Col\u00e1geno<\/td>\n<td>10 g<\/td>\n<\/tr>\n<\/tbody>\n<\/table>\n<p class=\"cvGsUA direction-ltr align-start para-style-subtitle\"><span class=\"OYPEnA font-feature-liga-off font-feature-clig-off font-feature-calt-off text-decoration-none text-strikethrough-none\">\t<div id=\"gap-988742458\" class=\"gap-element clearfix\" style=\"display:block; height:auto;\">\n\t\t\n<style>\n#gap-988742458 {\n  padding-top: 30px;\n}\n<\/style>\n\t<\/div>\n\t<\/span><\/p>\n<p class=\"cvGsUA direction-ltr align-start para-style-subtitle\"><strong><span class=\"OYPEnA font-feature-liga-off font-feature-clig-off font-feature-calt-off text-decoration-none text-strikethrough-none\">&#x1f9ea; Ingredientes: <\/span><\/strong><span class=\"OYPEnA font-feature-liga-off font-feature-clig-off font-feature-calt-off text-decoration-none text-strikethrough-none\">Col\u00e1geno Peptan\u00ae (P\u00e9ptidos de col\u00e1geno bovino hidrolizado Tipo I).<\/span><strong><span class=\"OYPEnA font-feature-liga-off font-feature-clig-off font-feature-calt-off text-decoration-none text-strikethrough-none\"> Al\u00e9rgenos: <\/span><\/strong><span class=\"OYPEnA font-feature-liga-off font-feature-clig-off font-feature-calt-off text-decoration-none text-strikethrough-none\">No contiene.<\/span><\/p>\n<p class=\"cvGsUA direction-ltr align-start para-style-subtitle\"><strong><span class=\"OYPEnA font-feature-liga-off font-feature-clig-off font-feature-calt-off text-decoration-none text-strikethrough-none\">&#x2705;\u00a0 Dosis diaria recomendada:<\/span><\/strong><span class=\"OYPEnA font-feature-liga-off font-feature-clig-off font-feature-calt-off text-decoration-none text-strikethrough-none\"> 1 cazo (10 g)<\/span><span class=\"OYPEnA font-feature-liga-off font-feature-clig-off font-feature-calt-off text-decoration-none text-strikethrough-none\">. <\/span><strong><span class=\"OYPEnA font-feature-liga-off font-feature-clig-off font-feature-calt-off text-decoration-none text-strikethrough-none\">Modo de empleo: <\/span><\/strong><span class=\"OYPEnA font-feature-liga-off font-feature-clig-off font-feature-calt-off text-decoration-none text-strikethrough-none\">Tomar 1 cazo (10 g.) mezclado con agua.<\/span><\/p>\n<p>\n\t<div id=\"gap-976763751\" class=\"gap-element clearfix\" style=\"display:block; height:auto;\">\n\t\t\n<style>\n#gap-976763751 {\n  padding-top: 30px;\n}\n<\/style>\n\t<\/div>\n\t\n\n<h3><span style=\"font-size: 90%;\">&#x26a0;&#xfe0f; <strong>Advertencias<\/strong><\/span><\/h3>\n<p><strong>&#x1f6ab; No superar<\/strong> la dosis diaria expresamente recomendada.<br \/>&#x1f476; <strong>Mantener fuera del alcance<\/strong> de los ni\u00f1os m\u00e1s peque\u00f1os.<br \/>&#x1f957; <strong>Los complementos alimenticios<\/strong> no deben utilizarse como sustitutos de una dieta equilibrada y variada.<br \/>&#x2744;&#xfe0f; <strong>Almacene en un lugar fresco, seco y alejado de la luz solar directa.<\/strong><br \/>&#x1f512; <strong>No use este producto<\/strong> si el sello de seguridad est\u00e1 roto o falta.<\/p>\n","protected":false},"excerpt":{"rendered":"<p><strong>&#x2728;10 g de p\u00e9ptidos de col\u00e1geno bovino hidrolizado tipo I<\/strong> (<strong>Peptan\u00ae*<\/strong>) f\u00e1cilmente absorbibles, dise\u00f1ados para <strong>mejorar la salud de la piel, las articulaciones y los huesos<\/strong> al promover la <strong>s\u00edntesis de col\u00e1geno<\/strong> en el cuerpo. Estos p\u00e9ptidos tambi\u00e9n pueden: Apoyar la <strong>elasticidad y firmeza de la piel<\/strong> &#x1f31f;. Ayudar a <strong>reducir el dolor articular<\/strong> &#x1f9b4;. <span class=\"OYPEnA font-feature-liga-off font-feature-clig-off font-feature-calt-off text-decoration-none text-strikethrough-none\" style=\"font-size: 85%;\">*Peptan\u00ae es una marca registrada propiedad de Rousselot Health &amp; Nutrition<\/span><\/p>\n","protected":false},"featured_media":44021,"template":"","meta":{"_daextinma_seo_power":"","_daextinma_enable_ail":""},"product_brand":[140],"product_cat":[113],"product_tag":[128],"class_list":{"0":"post-43603","1":"product","2":"type-product","3":"status-publish","4":"has-post-thumbnail","6":"product_brand-vibefarma","7":"product_cat-proteinas-aminoacidos","8":"product_tag-selection","10":"first","11":"instock","12":"featured","13":"taxable","14":"shipping-taxable","15":"purchasable","16":"product-type-variable","17":"has-default-attributes"},"_links":{"self":[{"href":"https:\/\/vibefarma.com\/b2b\/wp-json\/wp\/v2\/product\/43603","targetHints":{"allow":["GET"]}}],"collection":[{"href":"https:\/\/vibefarma.com\/b2b\/wp-json\/wp\/v2\/product"}],"about":[{"href":"https:\/\/vibefarma.com\/b2b\/wp-json\/wp\/v2\/types\/product"}],"wp:featuredmedia":[{"embeddable":true,"href":"https:\/\/vibefarma.com\/b2b\/wp-json\/wp\/v2\/media\/44021"}],"wp:attachment":[{"href":"https:\/\/vibefarma.com\/b2b\/wp-json\/wp\/v2\/media?parent=43603"}],"wp:term":[{"taxonomy":"product_brand","embeddable":true,"href":"https:\/\/vibefarma.com\/b2b\/wp-json\/wp\/v2\/product_brand?post=43603"},{"taxonomy":"product_cat","embeddable":true,"href":"https:\/\/vibefarma.com\/b2b\/wp-json\/wp\/v2\/product_cat?post=43603"},{"taxonomy":"product_tag","embeddable":true,"href":"https:\/\/vibefarma.com\/b2b\/wp-json\/wp\/v2\/product_tag?post=43603"}],"curies":[{"name":"wp","href":"https:\/\/api.w.org\/{rel}","templated":true}]}}