{"id":34020,"date":"2023-01-10T16:59:34","date_gmt":"2023-01-10T16:59:34","guid":{"rendered":"https:\/\/vibefarma.com\/b2b\/?page_id=34020"},"modified":"2023-02-02T11:14:28","modified_gmt":"2023-02-02T11:14:28","slug":"contenidos","status":"publish","type":"page","link":"https:\/\/vibefarma.com\/b2b\/terminos-condiciones\/contenidos\/","title":{"rendered":"Contenidos"},"content":{"rendered":"\n\t<section class=\"section\" id=\"section_1325084349\">\n\t\t<div class=\"section-bg fill\" >\n\t\t\t\t\t\t\t\t\t\n\t\t\t\n\n\t\t<\/div>\n\n\t\t\n\n\t\t<div class=\"section-content relative\">\n\t\t\t\n\t<div id=\"gap-284624018\" class=\"gap-element clearfix\" style=\"display:block; height:auto;\">\n\t\t\n<style>\n#gap-284624018 {\n  padding-top: 55px;\n}\n<\/style>\n\t<\/div>\n\t\n<div class=\"row align-center\"  id=\"row-1159346057\">\n\n\t<div id=\"col-222508317\" class=\"col medium-8 small-12 large-6\"  >\n\t\t\t\t<div class=\"col-inner text-center\"  >\n\t\t\t\n\t\t\t\n\t<div id=\"text-1294215782\" class=\"text\">\n\t\t\n<h6>Home \u2022 Contenidos<\/h6>\n\t\t\n<style>\n#text-1294215782 {\n  font-size: 0.8rem;\n}\n<\/style>\n\t<\/div>\n\t\n\t<div id=\"text-1754245975\" class=\"text\">\n\t\t\n<h1>Propiedad Intelectual y Contenidos<\/h1>\n\t\t\n<style>\n#text-1754245975 {\n  font-size: 1.5rem;\n}\n<\/style>\n\t<\/div>\n\t\n\t\t<\/div>\n\t\t\t\t\t<\/div>\n\n\t\n<\/div>\n\t\t<\/div>\n\n\t\t\n<style>\n#section_1325084349 {\n  padding-top: 20px;\n  padding-bottom: 20px;\n  background-color: rgb(255,255,255);\n}\n@media (min-width:550px) {\n  #section_1325084349 {\n    padding-top: 40px;\n    padding-bottom: 40px;\n  }\n}\n<\/style>\n\t<\/section>\n\t\n<div class=\"is-divider divider clearfix\" style=\"margin-top:1.0px;margin-bottom:1.0px;max-width:100%;height:1px;background-color:rgb(237, 237, 237);\"><\/div>\n\n\t<section class=\"section\" id=\"section_1222550798\">\n\t\t<div class=\"section-bg fill\" >\n\t\t\t\t\t\t\t\t\t\n\t\t\t\n\n\t\t<\/div>\n\n\t\t\n\n\t\t<div class=\"section-content relative\">\n\t\t\t\n\t<div id=\"gap-738084529\" class=\"gap-element clearfix\" style=\"display:block; height:auto;\">\n\t\t\n<style>\n#gap-738084529 {\n  padding-top: 40px;\n}\n<\/style>\n\t<\/div>\n\t\n<div class=\"row align-center\"  id=\"row-442929187\">\n\n\t<div id=\"col-784756572\" class=\"col medium-3 small-12 large-3\"  >\n\t\t\t\t<div class=\"col-inner\"  >\n\t\t\t\n\t\t\t\n\t<div class=\"ux-menu stack stack-col justify-start ux-menu--divider-solid\">\n\t\t\n\t<div class=\"ux-menu-link flex menu-item\">\n\t\t<a class=\"ux-menu-link__link flex\" href=\"https:\/\/vibefarma.com\/b2b\/terminos-condiciones\/generales\/\" >\n\t\t\t\t\t\t<span class=\"ux-menu-link__text\">\n\t\t\t\tCondiciones Generales\t\t\t<\/span>\n\t\t<\/a>\n\t<\/div>\n\t\n\t<div class=\"ux-menu-link flex menu-item\">\n\t\t<a class=\"ux-menu-link__link flex\" href=\"https:\/\/vibefarma.com\/b2b\/terminos-condiciones\/privacidad\/\" >\n\t\t\t\t\t\t<span class=\"ux-menu-link__text\">\n\t\t\t\tPrivacidad\t\t\t<\/span>\n\t\t<\/a>\n\t<\/div>\n\t\n\t<div class=\"ux-menu-link flex menu-item\">\n\t\t<a class=\"ux-menu-link__link flex\" href=\"https:\/\/vibefarma.com\/b2b\/terminos-condiciones\/contenidos\/\" >\n\t\t\t\t\t\t<span class=\"ux-menu-link__text\">\n\t\t\t\tContenidos\t\t\t<\/span>\n\t\t<\/a>\n\t<\/div>\n\t\n\t<div class=\"ux-menu-link flex menu-item\">\n\t\t<a class=\"ux-menu-link__link flex\" href=\"https:\/\/vibefarma.com\/b2b\/terminos-condiciones\/envios-entregas\/\" >\n\t\t\t\t\t\t<span class=\"ux-menu-link__text\">\n\t\t\t\tEnv\u00edos y Entregas\t\t\t<\/span>\n\t\t<\/a>\n\t<\/div>\n\t\n\t<div class=\"ux-menu-link flex menu-item\">\n\t\t<a class=\"ux-menu-link__link flex\" href=\"https:\/\/vibefarma.com\/b2b\/terminos-condiciones\/pago\/\" >\n\t\t\t\t\t\t<span class=\"ux-menu-link__text\">\n\t\t\t\tFormas de Pago\t\t\t<\/span>\n\t\t<\/a>\n\t<\/div>\n\t\n\t<div class=\"ux-menu-link flex menu-item\">\n\t\t<a class=\"ux-menu-link__link flex\" href=\"https:\/\/vibefarma.com\/b2b\/terminos-condiciones\/devoluciones\/\" >\n\t\t\t\t\t\t<span class=\"ux-menu-link__text\">\n\t\t\t\tDevoluciones\t\t\t<\/span>\n\t\t<\/a>\n\t<\/div>\n\t\n\t<div class=\"ux-menu-link flex menu-item\">\n\t\t<a class=\"ux-menu-link__link flex\" href=\"https:\/\/vibefarma.com\/b2b\/terminos-condiciones\/datos-productos\/\" >\n\t\t\t\t\t\t<span class=\"ux-menu-link__text\">\n\t\t\t\tDatos Sobre Producto\t\t\t<\/span>\n\t\t<\/a>\n\t<\/div>\n\t\n\t<div class=\"ux-menu-link flex menu-item\">\n\t\t<a class=\"ux-menu-link__link flex\" href=\"https:\/\/vibefarma.com\/b2b\/terminos-condiciones\/reclamaciones\/\" >\n\t\t\t\t\t\t<span class=\"ux-menu-link__text\">\n\t\t\t\tReclamaciones\t\t\t<\/span>\n\t\t<\/a>\n\t<\/div>\n\t\n\t<div class=\"ux-menu-link flex menu-item\">\n\t\t<a class=\"ux-menu-link__link flex\" href=\"https:\/\/vibefarma.com\/b2b\/terminos-condiciones\/garantia\/\" >\n\t\t\t\t\t\t<span class=\"ux-menu-link__text\">\n\t\t\t\tGarant\u00eda de Productos\t\t\t<\/span>\n\t\t<\/a>\n\t<\/div>\n\t\n\t<\/div>\n\t\n\t\t<\/div>\n\t\t\t\t\t<\/div>\n\n\t\n\n\t<div id=\"col-1238231767\" class=\"col medium-8 small-12 large-7 small-col-first\"  >\n\t\t\t\t<div class=\"col-inner\"  >\n\t\t\t\n\t\t\t\n<p><strong>Todos los derechos de propiedad intelectual de software y los contenidos disponibles a trav\u00e9s de esta web son propiedad de vibefarma y est\u00e1n protegidos por leyes y tratados en todo el mundo.<\/strong> Todos estos derechos pertenecen a vibefarma\u00a0 y a sus proveedores.<\/p>\n<p>Puede guardar, imprimir o presentar los contenidos de esta web \u00fanicamente para su uso personal.<\/p>\n<p><strong>No est\u00e1 permitida la publicaci\u00f3n, manipulaci\u00f3n, distribuci\u00f3n o reproducci\u00f3n, en ning\u00fan formato, de cualquiera de los contenidos de esta web.<\/strong> Las empresas o compa\u00f1\u00edas tampoco pueden crear enlaces a esta web sin nuestro permiso.<\/p>\n\t\t<\/div>\n\t\t\t\t\t<\/div>\n\n\t\n<\/div>\n\t\t<\/div>\n\n\t\t\n<style>\n#section_1222550798 {\n  padding-top: 10px;\n  padding-bottom: 10px;\n  background-color: rgb(255,255,255);\n}\n<\/style>\n\t<\/section>\n\t\n","protected":false},"excerpt":{"rendered":"","protected":false},"author":1,"featured_media":0,"parent":34000,"menu_order":0,"comment_status":"closed","ping_status":"closed","template":"page-blank.php","meta":{"_daextinma_seo_power":"","_daextinma_enable_ail":"","footnotes":""},"class_list":["post-34020","page","type-page","status-publish","hentry"],"_links":{"self":[{"href":"https:\/\/vibefarma.com\/b2b\/wp-json\/wp\/v2\/pages\/34020","targetHints":{"allow":["GET"]}}],"collection":[{"href":"https:\/\/vibefarma.com\/b2b\/wp-json\/wp\/v2\/pages"}],"about":[{"href":"https:\/\/vibefarma.com\/b2b\/wp-json\/wp\/v2\/types\/page"}],"author":[{"embeddable":true,"href":"https:\/\/vibefarma.com\/b2b\/wp-json\/wp\/v2\/users\/1"}],"replies":[{"embeddable":true,"href":"https:\/\/vibefarma.com\/b2b\/wp-json\/wp\/v2\/comments?post=34020"}],"version-history":[{"count":6,"href":"https:\/\/vibefarma.com\/b2b\/wp-json\/wp\/v2\/pages\/34020\/revisions"}],"predecessor-version":[{"id":35224,"href":"https:\/\/vibefarma.com\/b2b\/wp-json\/wp\/v2\/pages\/34020\/revisions\/35224"}],"up":[{"embeddable":true,"href":"https:\/\/vibefarma.com\/b2b\/wp-json\/wp\/v2\/pages\/34000"}],"wp:attachment":[{"href":"https:\/\/vibefarma.com\/b2b\/wp-json\/wp\/v2\/media?parent=34020"}],"curies":[{"name":"wp","href":"https:\/\/api.w.org\/{rel}","templated":true}]}}